{"id":11795,"date":"2021-11-04T12:54:16","date_gmt":"2021-11-04T12:54:16","guid":{"rendered":"https:\/\/holocreators.com\/?page_id=11795"},"modified":"2021-11-25T10:26:22","modified_gmt":"2021-11-25T10:26:22","slug":"danke","status":"publish","type":"page","link":"https:\/\/holocreators.com\/de\/danke\/","title":{"rendered":"Danke"},"content":{"rendered":"\t\t<div data-elementor-type=\"wp-page\" data-elementor-id=\"11795\" class=\"elementor elementor-11795\" data-elementor-settings=\"[]\">\n\t\t\t\t\t\t<div class=\"elementor-inner\">\n\t\t\t\t\t\t\t<div class=\"elementor-section-wrap\">\n\t\t\t\t\t\t\t<section class=\"elementor-section elementor-top-section elementor-element elementor-element-cc0bf08 elementor-section-boxed elementor-section-height-default elementor-section-height-default\" data-id=\"cc0bf08\" data-element_type=\"section\" data-settings=\"{&quot;background_background&quot;:&quot;gradient&quot;}\">\n\t\t\t\t\t\t<div class=\"elementor-container elementor-column-gap-default\">\n\t\t\t\t\t\t\t<div class=\"elementor-row\">\n\t\t\t\t\t<div class=\"elementor-column elementor-col-100 elementor-top-column elementor-element elementor-element-aac2f39 notFoundAboveTheFoldContainer\" data-id=\"aac2f39\" data-element_type=\"column\">\n\t\t\t<div class=\"elementor-column-wrap elementor-element-populated\">\n\t\t\t\t\t\t\t<div class=\"elementor-widget-wrap\">\n\t\t\t\t\t\t<section class=\"elementor-section elementor-inner-section elementor-element elementor-element-2927ee9 elementor-reverse-mobile elementor-section-boxed elementor-section-height-default elementor-section-height-default\" data-id=\"2927ee9\" data-element_type=\"section\">\n\t\t\t\t\t\t<div class=\"elementor-container elementor-column-gap-default\">\n\t\t\t\t\t\t\t<div class=\"elementor-row\">\n\t\t\t\t\t<div class=\"elementor-column elementor-col-50 elementor-inner-column elementor-element elementor-element-d0f174a\" data-id=\"d0f174a\" data-element_type=\"column\">\n\t\t\t<div class=\"elementor-column-wrap elementor-element-populated\">\n\t\t\t\t\t\t\t<div class=\"elementor-widget-wrap\">\n\t\t\t\t\t\t<div class=\"elementor-element elementor-element-5f12874 blockTextFrontPage elementor-widget elementor-widget-heading\" data-id=\"5f12874\" data-element_type=\"widget\" data-widget_type=\"heading.default\">\n\t\t\t\t<div class=\"elementor-widget-container\">\n\t\t\t<h1 class=\"elementor-heading-title elementor-size-default\">Dankesch\u00f6n f\u00fcr Ihre Anfrage!<\/h1>\t\t<\/div>\n\t\t\t\t<\/div>\n\t\t\t\t<div class=\"elementor-element elementor-element-b3dd2e7 elementor-widget elementor-widget-text-editor\" data-id=\"b3dd2e7\" data-element_type=\"widget\" data-widget_type=\"text-editor.default\">\n\t\t\t\t<div class=\"elementor-widget-container\">\n\t\t\t\t\t\t\t\t<div class=\"elementor-text-editor elementor-clearfix\">\n\t\t\t\t<p>Wir werden uns in K\u00fcrze mit Ihnen in Verbindung setzen.<\/p>\t\t\t\t\t<\/div>\n\t\t\t\t\t\t<\/div>\n\t\t\t\t<\/div>\n\t\t\t\t<div class=\"elementor-element elementor-element-86e65ed blurBlue elementor-widget elementor-widget-image\" data-id=\"86e65ed\" data-element_type=\"widget\" data-widget_type=\"image.default\">\n\t\t\t\t<div class=\"elementor-widget-container\">\n\t\t\t\t\t\t\t\t<div class=\"elementor-image\">\n\t\t\t\t\t\t\t\t\t\t\t\t<img loading=\"lazy\" decoding=\"async\" width=\"800\" height=\"800\" src=\"https:\/\/holocreators.com\/wp-content\/uploads\/2021\/02\/blurBlue-1024x1024.png\" class=\"attachment-large size-large\" alt=\"blurBlue\" srcset=\"https:\/\/holocreators.com\/wp-content\/uploads\/2021\/02\/blurBlue-1024x1024.png 1024w, https:\/\/holocreators.com\/wp-content\/uploads\/2021\/02\/blurBlue-300x300.png 300w, https:\/\/holocreators.com\/wp-content\/uploads\/2021\/02\/blurBlue-150x150.png 150w, https:\/\/holocreators.com\/wp-content\/uploads\/2021\/02\/blurBlue-768x768.png 768w, https:\/\/holocreators.com\/wp-content\/uploads\/2021\/02\/blurBlue.png 1300w\" sizes=\"auto, (max-width: 800px) 100vw, 800px\" \/>\t\t\t\t\t\t\t\t\t\t\t\t\t\t<\/div>\n\t\t\t\t\t\t<\/div>\n\t\t\t\t<\/div>\n\t\t\t\t<div class=\"elementor-element elementor-element-3b84be1 elementor-align-left buttonStyleBlock buttonAboveTheFoldBlock elementor-widget elementor-widget-button\" data-id=\"3b84be1\" data-element_type=\"widget\" data-widget_type=\"button.default\">\n\t\t\t\t<div class=\"elementor-widget-container\">\n\t\t\t\t\t<div class=\"elementor-button-wrapper\">\n\t\t\t<a href=\"https:\/\/holocreators.com\/de\/\" class=\"elementor-button-link elementor-button elementor-size-sm\" role=\"button\" id=\"btn1FrontPage\">\n\t\t\t\t\t\t<span class=\"elementor-button-content-wrapper\">\n\t\t\t\t\t\t<span class=\"elementor-button-text\">Home Page<\/span>\n\t\t<\/span>\n\t\t\t\t\t<\/a>\n\t\t<\/div>\n\t\t\t\t<\/div>\n\t\t\t\t<\/div>\n\t\t\t\t<div class=\"elementor-element elementor-element-665a61b blurAboveTheFoldBackgroundRedBlock elementor-widget elementor-widget-image\" data-id=\"665a61b\" data-element_type=\"widget\" data-widget_type=\"image.default\">\n\t\t\t\t<div class=\"elementor-widget-container\">\n\t\t\t\t\t\t\t\t<div class=\"elementor-image\">\n\t\t\t\t\t\t\t\t\t\t\t\t<img loading=\"lazy\" decoding=\"async\" width=\"800\" height=\"800\" src=\"https:\/\/holocreators.com\/wp-content\/uploads\/2021\/02\/red-3-1024x1024.png\" class=\"attachment-large size-large\" alt=\"red 3\" srcset=\"https:\/\/holocreators.com\/wp-content\/uploads\/2021\/02\/red-3-1024x1024.png 1024w, https:\/\/holocreators.com\/wp-content\/uploads\/2021\/02\/red-3-300x300.png 300w, https:\/\/holocreators.com\/wp-content\/uploads\/2021\/02\/red-3-150x150.png 150w, https:\/\/holocreators.com\/wp-content\/uploads\/2021\/02\/red-3-768x768.png 768w, https:\/\/holocreators.com\/wp-content\/uploads\/2021\/02\/red-3.png 1300w\" sizes=\"auto, (max-width: 800px) 100vw, 800px\" \/>\t\t\t\t\t\t\t\t\t\t\t\t\t\t<\/div>\n\t\t\t\t\t\t<\/div>\n\t\t\t\t<\/div>\n\t\t\t\t\t\t<\/div>\n\t\t\t\t\t<\/div>\n\t\t<\/div>\n\t\t\t\t<div class=\"elementor-column elementor-col-50 elementor-inner-column elementor-element elementor-element-b292e1d\" data-id=\"b292e1d\" data-element_type=\"column\">\n\t\t\t<div class=\"elementor-column-wrap elementor-element-populated\">\n\t\t\t\t\t\t\t<div class=\"elementor-widget-wrap\">\n\t\t\t\t\t\t<div class=\"elementor-element elementor-element-7ff6315 blurAboveTheFoldBackgroundBlock elementor-widget elementor-widget-image\" data-id=\"7ff6315\" data-element_type=\"widget\" data-widget_type=\"image.default\">\n\t\t\t\t<div class=\"elementor-widget-container\">\n\t\t\t\t\t\t\t\t<div class=\"elementor-image\">\n\t\t\t\t\t\t\t\t\t\t\t\t<img loading=\"lazy\" decoding=\"async\" width=\"901\" height=\"901\" src=\"https:\/\/holocreators.com\/wp-content\/uploads\/2021\/04\/backround-circle-element-blue.png\" class=\"attachment-full size-full\" alt=\"\" srcset=\"https:\/\/holocreators.com\/wp-content\/uploads\/2021\/04\/backround-circle-element-blue.png 901w, https:\/\/holocreators.com\/wp-content\/uploads\/2021\/04\/backround-circle-element-blue-300x300.png 300w, https:\/\/holocreators.com\/wp-content\/uploads\/2021\/04\/backround-circle-element-blue-150x150.png 150w, https:\/\/holocreators.com\/wp-content\/uploads\/2021\/04\/backround-circle-element-blue-768x768.png 768w\" sizes=\"auto, (max-width: 901px) 100vw, 901px\" \/>\t\t\t\t\t\t\t\t\t\t\t\t\t\t<\/div>\n\t\t\t\t\t\t<\/div>\n\t\t\t\t<\/div>\n\t\t\t\t<div class=\"elementor-element elementor-element-985d32a elementor-widget elementor-widget-image\" data-id=\"985d32a\" data-element_type=\"widget\" data-widget_type=\"image.default\">\n\t\t\t\t<div class=\"elementor-widget-container\">\n\t\t\t\t\t\t\t\t<div class=\"elementor-image\">\n\t\t\t\t\t\t\t\t\t\t\t\t<img loading=\"lazy\" decoding=\"async\" width=\"800\" height=\"808\" src=\"https:\/\/holocreators.com\/wp-content\/uploads\/2021\/11\/thank-image.png\" class=\"attachment-large size-large\" alt=\"\" srcset=\"https:\/\/holocreators.com\/wp-content\/uploads\/2021\/11\/thank-image.png 817w, https:\/\/holocreators.com\/wp-content\/uploads\/2021\/11\/thank-image-297x300.png 297w, https:\/\/holocreators.com\/wp-content\/uploads\/2021\/11\/thank-image-768x776.png 768w\" sizes=\"auto, (max-width: 800px) 100vw, 800px\" \/>\t\t\t\t\t\t\t\t\t\t\t\t\t\t<\/div>\n\t\t\t\t\t\t<\/div>\n\t\t\t\t<\/div>\n\t\t\t\t<div class=\"elementor-element elementor-element-c258ca4 blurGreen  elementor-widget elementor-widget-image\" data-id=\"c258ca4\" data-element_type=\"widget\" data-widget_type=\"image.default\">\n\t\t\t\t<div class=\"elementor-widget-container\">\n\t\t\t\t\t\t\t\t<div class=\"elementor-image\">\n\t\t\t\t\t\t\t\t\t\t\t\t<img loading=\"lazy\" decoding=\"async\" width=\"800\" height=\"800\" src=\"https:\/\/holocreators.com\/wp-content\/uploads\/2021\/02\/blurGreen-1024x1024.png\" class=\"attachment-large size-large\" alt=\"blurGreen\" srcset=\"https:\/\/holocreators.com\/wp-content\/uploads\/2021\/02\/blurGreen-1024x1024.png 1024w, https:\/\/holocreators.com\/wp-content\/uploads\/2021\/02\/blurGreen-300x300.png 300w, https:\/\/holocreators.com\/wp-content\/uploads\/2021\/02\/blurGreen-150x150.png 150w, https:\/\/holocreators.com\/wp-content\/uploads\/2021\/02\/blurGreen-768x768.png 768w, https:\/\/holocreators.com\/wp-content\/uploads\/2021\/02\/blurGreen.png 1500w\" sizes=\"auto, (max-width: 800px) 100vw, 800px\" \/>\t\t\t\t\t\t\t\t\t\t\t\t\t\t<\/div>\n\t\t\t\t\t\t<\/div>\n\t\t\t\t<\/div>\n\t\t\t\t\t\t<\/div>\n\t\t\t\t\t<\/div>\n\t\t<\/div>\n\t\t\t\t\t\t\t\t<\/div>\n\t\t\t\t\t<\/div>\n\t\t<\/section>\n\t\t\t\t\t\t<\/div>\n\t\t\t\t\t<\/div>\n\t\t<\/div>\n\t\t\t\t\t\t\t\t<\/div>\n\t\t\t\t\t<\/div>\n\t\t<\/section>\n\t\t\t\t\t\t<\/div>\n\t\t\t\t\t\t<\/div>\n\t\t\t\t\t<\/div>\n\t\t","protected":false},"excerpt":{"rendered":"<p>Dankesch\u00f6n f\u00fcr Ihre Anfrage! Wir werden uns in K\u00fcrze mit Ihnen in Verbindung setzen. Home Page<\/p>\n","protected":false},"author":3,"featured_media":11610,"parent":0,"menu_order":0,"comment_status":"closed","ping_status":"closed","template":"elementor_header_footer","meta":{"inline_featured_image":false,"footnotes":""},"class_list":["post-11795","page","type-page","status-publish","has-post-thumbnail","hentry"],"acf":[],"yoast_head":"<!-- This site is optimized with the Yoast SEO plugin v15.9 - https:\/\/yoast.com\/wordpress\/plugins\/seo\/ -->\n<title>Danke - Holocreators<\/title>\n<meta name=\"robots\" content=\"index, follow, max-snippet:-1, max-image-preview:large, max-video-preview:-1\" \/>\n<link rel=\"canonical\" href=\"https:\/\/holocreators.com\/de\/danke\/\" \/>\n<meta property=\"og:locale\" content=\"de_DE\" \/>\n<meta property=\"og:type\" content=\"article\" \/>\n<meta property=\"og:title\" content=\"Danke - Holocreators\" \/>\n<meta property=\"og:description\" content=\"Dankesch\u00f6n f\u00fcr Ihre Anfrage! Wir werden uns in K\u00fcrze mit Ihnen in Verbindung setzen. Home Page\" \/>\n<meta property=\"og:url\" content=\"https:\/\/holocreators.com\/de\/danke\/\" \/>\n<meta property=\"og:site_name\" content=\"Holocreators\" \/>\n<meta property=\"article:modified_time\" content=\"2021-11-25T10:26:22+00:00\" \/>\n<meta property=\"og:image\" content=\"https:\/\/holocreators.com\/wp-content\/uploads\/2021\/10\/holocreators-preview.jpeg\" \/>\n\t<meta property=\"og:image:width\" content=\"512\" \/>\n\t<meta property=\"og:image:height\" content=\"536\" \/>\n<meta name=\"twitter:card\" content=\"summary_large_image\" \/>\n<meta name=\"twitter:label1\" content=\"Gesch\u00e4tzte Lesezeit\">\n\t<meta name=\"twitter:data1\" content=\"2\u00a0Minuten\">\n<script type=\"application\/ld+json\" class=\"yoast-schema-graph\">{\"@context\":\"https:\/\/schema.org\",\"@graph\":[{\"@type\":\"Organization\",\"@id\":\"https:\/\/holocreators.com\/de\/#organization\",\"name\":\"Holocreators\",\"url\":\"https:\/\/holocreators.com\/de\/\",\"sameAs\":[],\"logo\":{\"@type\":\"ImageObject\",\"@id\":\"https:\/\/holocreators.com\/de\/#logo\",\"inLanguage\":\"de\",\"url\":\"https:\/\/holocreators.com\/wp-content\/uploads\/2021\/02\/cropped-icon-270x270-1.png\",\"width\":270,\"height\":270,\"caption\":\"Holocreators\"},\"image\":{\"@id\":\"https:\/\/holocreators.com\/de\/#logo\"}},{\"@type\":\"WebSite\",\"@id\":\"https:\/\/holocreators.com\/de\/#website\",\"url\":\"https:\/\/holocreators.com\/de\/\",\"name\":\"Holocreators\",\"description\":\"Just another WordPress site\",\"publisher\":{\"@id\":\"https:\/\/holocreators.com\/de\/#organization\"},\"potentialAction\":[{\"@type\":\"SearchAction\",\"target\":\"https:\/\/holocreators.com\/de\/?s={search_term_string}\",\"query-input\":\"required name=search_term_string\"}],\"inLanguage\":\"de\"},{\"@type\":\"ImageObject\",\"@id\":\"https:\/\/holocreators.com\/de\/danke\/#primaryimage\",\"inLanguage\":\"de\",\"url\":\"https:\/\/holocreators.com\/wp-content\/uploads\/2021\/10\/holocreators-preview.jpeg\",\"width\":512,\"height\":536},{\"@type\":\"WebPage\",\"@id\":\"https:\/\/holocreators.com\/de\/danke\/#webpage\",\"url\":\"https:\/\/holocreators.com\/de\/danke\/\",\"name\":\"Danke - Holocreators\",\"isPartOf\":{\"@id\":\"https:\/\/holocreators.com\/de\/#website\"},\"primaryImageOfPage\":{\"@id\":\"https:\/\/holocreators.com\/de\/danke\/#primaryimage\"},\"datePublished\":\"2021-11-04T12:54:16+00:00\",\"dateModified\":\"2021-11-25T10:26:22+00:00\",\"breadcrumb\":{\"@id\":\"https:\/\/holocreators.com\/de\/danke\/#breadcrumb\"},\"inLanguage\":\"de\",\"potentialAction\":[{\"@type\":\"ReadAction\",\"target\":[\"https:\/\/holocreators.com\/de\/danke\/\"]}]},{\"@type\":\"BreadcrumbList\",\"@id\":\"https:\/\/holocreators.com\/de\/danke\/#breadcrumb\",\"itemListElement\":[{\"@type\":\"ListItem\",\"position\":1,\"item\":{\"@type\":\"WebPage\",\"@id\":\"https:\/\/holocreators.com\/de\/\",\"url\":\"https:\/\/holocreators.com\/de\/\",\"name\":\"Home\"}},{\"@type\":\"ListItem\",\"position\":2,\"item\":{\"@type\":\"WebPage\",\"@id\":\"https:\/\/holocreators.com\/de\/danke\/\",\"url\":\"https:\/\/holocreators.com\/de\/danke\/\",\"name\":\"Danke\"}}]}]}<\/script>\n<!-- \/ Yoast SEO plugin. -->","_links":{"self":[{"href":"https:\/\/holocreators.com\/de\/wp-json\/wp\/v2\/pages\/11795","targetHints":{"allow":["GET"]}}],"collection":[{"href":"https:\/\/holocreators.com\/de\/wp-json\/wp\/v2\/pages"}],"about":[{"href":"https:\/\/holocreators.com\/de\/wp-json\/wp\/v2\/types\/page"}],"author":[{"embeddable":true,"href":"https:\/\/holocreators.com\/de\/wp-json\/wp\/v2\/users\/3"}],"replies":[{"embeddable":true,"href":"https:\/\/holocreators.com\/de\/wp-json\/wp\/v2\/comments?post=11795"}],"version-history":[{"count":8,"href":"https:\/\/holocreators.com\/de\/wp-json\/wp\/v2\/pages\/11795\/revisions"}],"predecessor-version":[{"id":11971,"href":"https:\/\/holocreators.com\/de\/wp-json\/wp\/v2\/pages\/11795\/revisions\/11971"}],"wp:featuredmedia":[{"embeddable":true,"href":"https:\/\/holocreators.com\/de\/wp-json\/wp\/v2\/media\/11610"}],"wp:attachment":[{"href":"https:\/\/holocreators.com\/de\/wp-json\/wp\/v2\/media?parent=11795"}],"curies":[{"name":"wp","href":"https:\/\/api.w.org\/{rel}","templated":true}]}}