{"id":6367,"date":"2021-03-18T21:09:04","date_gmt":"2021-03-18T21:09:04","guid":{"rendered":"http:\/\/sobanvlad.beget.tech\/holocreators\/?page_id=6367"},"modified":"2021-11-17T15:26:00","modified_gmt":"2021-11-17T15:26:00","slug":"agb","status":"publish","type":"page","link":"https:\/\/holocreators.com\/de\/agb\/","title":{"rendered":"AGB"},"content":{"rendered":"\t\t<div data-elementor-type=\"wp-page\" data-elementor-id=\"6367\" class=\"elementor elementor-6367\" data-elementor-settings=\"[]\">\n\t\t\t\t\t\t<div class=\"elementor-inner\">\n\t\t\t\t\t\t\t<div class=\"elementor-section-wrap\">\n\t\t\t\t\t\t\t<section class=\"elementor-section elementor-top-section elementor-element elementor-element-656ab763 pageTemplateCustomStyleBlock elementor-section-boxed elementor-section-height-default elementor-section-height-default\" data-id=\"656ab763\" data-element_type=\"section\">\n\t\t\t\t\t\t<div class=\"elementor-container elementor-column-gap-default\">\n\t\t\t\t\t\t\t<div class=\"elementor-row\">\n\t\t\t\t\t<div class=\"elementor-column elementor-col-100 elementor-top-column elementor-element elementor-element-6c0fa89\" data-id=\"6c0fa89\" data-element_type=\"column\">\n\t\t\t<div class=\"elementor-column-wrap elementor-element-populated\">\n\t\t\t\t\t\t\t<div class=\"elementor-widget-wrap\">\n\t\t\t\t\t\t<div class=\"elementor-element elementor-element-626d91d3 titleStyleBlock elementor-widget elementor-widget-heading\" data-id=\"626d91d3\" data-element_type=\"widget\" data-widget_type=\"heading.default\">\n\t\t\t\t<div class=\"elementor-widget-container\">\n\t\t\t<h1 class=\"elementor-heading-title elementor-size-default\">Allgemeine Gesch\u00e4ftsbedingungen<\/h1>\t\t<\/div>\n\t\t\t\t<\/div>\n\t\t\t\t<div class=\"elementor-element elementor-element-4aa2062b elementor-widget elementor-widget-heading\" data-id=\"4aa2062b\" data-element_type=\"widget\" data-widget_type=\"heading.default\">\n\t\t\t\t<div class=\"elementor-widget-container\">\n\t\t\t<h2 class=\"elementor-heading-title elementor-size-default\">1. Allgemeines<\/h2>\t\t<\/div>\n\t\t\t\t<\/div>\n\t\t\t\t<div class=\"elementor-element elementor-element-229e1763 elementor-widget elementor-widget-text-editor\" data-id=\"229e1763\" data-element_type=\"widget\" data-widget_type=\"text-editor.default\">\n\t\t\t\t<div class=\"elementor-widget-container\">\n\t\t\t\t\t\t\t\t<div class=\"elementor-text-editor elementor-clearfix\">\n\t\t\t\t<p>1.1 Die nachfolgenden Allgemeine Gesch\u00e4ftsbedingungen gelten f\u00fcr alle Angebote und Leistungen der Holocreators GmbH (nachfolgend \u201eHolocreators\u201c genannt). Dies gilt insbesondere auch dann, wenn der Auftraggeber Allgemeine Gesch\u00e4ftsbedingungen verwendet und diese entgegenstehende oder von den hier aufgef\u00fchrten Allgemeine Gesch\u00e4ftsbedingungen abweichende Bedingungen enthalten.<\/p><p>1.2 Die hier aufgef\u00fchrten Allgemeine Gesch\u00e4ftsbedingungen gelten auch, wenn Holocreators in Kenntnis entgegenstehender, oder von den hier aufgef\u00fchrten Bedingungen abweichender Bedingungen des Auftraggebers den Auftrag vorbehaltlos ausf\u00fchrt.<\/p><p>1.3 Abweichungen von den hier aufgef\u00fchrten Bedingungen sind nur mit ausdr\u00fccklicher schriftlicher Zustimmung von Holocreators g\u00fcltig.<\/p>\t\t\t\t\t<\/div>\n\t\t\t\t\t\t<\/div>\n\t\t\t\t<\/div>\n\t\t\t\t<div class=\"elementor-element elementor-element-7f3102a elementor-widget elementor-widget-heading\" data-id=\"7f3102a\" data-element_type=\"widget\" data-widget_type=\"heading.default\">\n\t\t\t\t<div class=\"elementor-widget-container\">\n\t\t\t<h2 class=\"elementor-heading-title elementor-size-default\">2. Vertragsgegenstand<\/h2>\t\t<\/div>\n\t\t\t\t<\/div>\n\t\t\t\t<div class=\"elementor-element elementor-element-34559b6 elementor-widget elementor-widget-text-editor\" data-id=\"34559b6\" data-element_type=\"widget\" data-widget_type=\"text-editor.default\">\n\t\t\t\t<div class=\"elementor-widget-container\">\n\t\t\t\t\t\t\t\t<div class=\"elementor-text-editor elementor-clearfix\">\n\t\t\t\t<p>2.1. Holocreators scannt Personen, Tiere und Gegenst\u00e4nde und erstellt aus diesen Scandaten druckbare 3D-Modelle, oder rekonstruiert und repariert bereits vorhandene Daten. Ist nur der druckbare Datensatz vom Auftraggeber gefordert, so ber\u00e4t Holocreators hinsichtlich des Erfolgs im Druck, \u00fcbernimmt jedoch keine Haftung f\u00fcr Fehler, die w\u00e4hrend des Drucks auftreten, oder seitens des Auftraggebers verursacht werden. Ist ein Druck in Auftrag gegeben worden, so wird dieser \u00fcblicherweise vollfarbig aus Polymergips hergestellt.<\/p><p>2.2 Jeder Holocreators erteilte Design- und Neugestaltungsauftrag ist ein Urheberwerkvertrag, der auf die Einr\u00e4umung von Nutzungsrechten an den Werkleistungen gerichtet ist. Die \u00dcberpr\u00fcfung der wettbewerbsrechtlichen Zul\u00e4ssigkeit der Arbeiten von Holocreators ist nicht Gegenstand des Vertrages. Er beinhaltet auch nicht die Pr\u00fcfung der kennzeichen- oder sonstigen schutzrechtlichen Eintragungsf\u00e4higkeit oder Verwendbarkeit der Arbeiten von Holocreators. Entsprechende Recherchen liegen in der Verantwortung des Auftraggebers.<\/p><p>2.3 Die Nutzungsrechte gehen erst nach vollst\u00e4ndiger Bezahlung der Verg\u00fctung auf den Auftraggeber \u00fcber.<\/p>\t\t\t\t\t<\/div>\n\t\t\t\t\t\t<\/div>\n\t\t\t\t<\/div>\n\t\t\t\t<div class=\"elementor-element elementor-element-29e9948 elementor-widget elementor-widget-heading\" data-id=\"29e9948\" data-element_type=\"widget\" data-widget_type=\"heading.default\">\n\t\t\t\t<div class=\"elementor-widget-container\">\n\t\t\t<h2 class=\"elementor-heading-title elementor-size-default\">3. Vertragsschluss<\/h2>\t\t<\/div>\n\t\t\t\t<\/div>\n\t\t\t\t<div class=\"elementor-element elementor-element-1a63ab6 elementor-widget elementor-widget-text-editor\" data-id=\"1a63ab6\" data-element_type=\"widget\" data-widget_type=\"text-editor.default\">\n\t\t\t\t<div class=\"elementor-widget-container\">\n\t\t\t\t\t\t\t\t<div class=\"elementor-text-editor elementor-clearfix\">\n\t\t\t\t<p>3.1. Der Auftraggeber bietet mit seiner Bestellung den Abschluss eines Vertrages verbindlich an. Damit erkennt der Auftraggeber die Allgemeinen Gesch\u00e4ftsbedingungen von Holocreators vollinhaltlich und uneingeschr\u00e4nkt an. Sobald die bestellte Leistung von Holocreators best\u00e4tigt wird, ist die Bestellung verbindlich.<\/p><p>3.2 Im Anschluss an die Bestellung erfolgt die Terminabsprache, soweit nicht bereits w\u00e4hrend des Bestellvorgangs ein verbindlicher Termin vereinbart wurde.<\/p><p>3.3 Das Widerrufsrecht besteht nicht bei Fernabsatzvertr\u00e4gen zur Lieferung von Waren, die nicht vorgefertigt sind und deren Herstellung eine Individuelle Auswahl oder Bestimmung durch den Verbraucher ma\u00dfgeblich istl, oder die eindeutig auf die pers\u00f6nlichen Bed\u00fcrfnisse des Verbrauchers zugeschnitten sind. Holocreators fertigt ausschlie\u00dflich Einzelst\u00fccke nach der Auswahl des Auftraggebers, daher besteht kein Widerrufsrecht.<\/p>\t\t\t\t\t<\/div>\n\t\t\t\t\t\t<\/div>\n\t\t\t\t<\/div>\n\t\t\t\t<div class=\"elementor-element elementor-element-c3d45c5 elementor-widget elementor-widget-heading\" data-id=\"c3d45c5\" data-element_type=\"widget\" data-widget_type=\"heading.default\">\n\t\t\t\t<div class=\"elementor-widget-container\">\n\t\t\t<h2 class=\"elementor-heading-title elementor-size-default\">4. Preise und Zahlung<\/h2>\t\t<\/div>\n\t\t\t\t<\/div>\n\t\t\t\t<div class=\"elementor-element elementor-element-3454489 elementor-widget elementor-widget-text-editor\" data-id=\"3454489\" data-element_type=\"widget\" data-widget_type=\"text-editor.default\">\n\t\t\t\t<div class=\"elementor-widget-container\">\n\t\t\t\t\t\t\t\t<div class=\"elementor-text-editor elementor-clearfix\">\n\t\t\t\t<p>4.1 Alle angebotenen Leistungen sind in Preis und Inhalt freibleibend.<\/p><p>4.2 Die Preise auf der Homepage verstehen sich als Netto-Preise. Auf Rechnungen wird die Umsatzsteuer berechnet und gesondert ausgewiesen.<\/p><p>4.2 Reise-, Verpackung,- Liefer- und Versandkosten sind in unseren Preisen nicht enthalten und werden zus\u00e4tzlich berechnet.<\/p><p>4.3 Bei Druckauftr\u00e4gen ist der Auftraggeber vorleistungspflichtig. Eine vereinbarte Anzahlung hat bei Vertragsschluss zu erfolgen. Die Bezahlung erfolgt durch \u00dcberweisung, oder Paypal (zzgl. der anfallenden Geb\u00fchren) ohne jeden Abzug, es sei denn andere Vereinbarungen wurden zwischen Holocreators und Auftraggeber einvernehmlich getroffen und festgehalten.<\/p><p>4.4 Der Rechnungsbetrag ist alsbald zu zahlen, da 14 Tage nach Erhalt der Rechnung der gesetzliche Verzugszinssatz von \u2013 seit 1.7.2015 \u2013 7,17 % anf\u00e4llt.<\/p>\t\t\t\t\t<\/div>\n\t\t\t\t\t\t<\/div>\n\t\t\t\t<\/div>\n\t\t\t\t<div class=\"elementor-element elementor-element-51631ee elementor-widget elementor-widget-heading\" data-id=\"51631ee\" data-element_type=\"widget\" data-widget_type=\"heading.default\">\n\t\t\t\t<div class=\"elementor-widget-container\">\n\t\t\t<h2 class=\"elementor-heading-title elementor-size-default\">5. Eigentumsvorbehalt<\/h2>\t\t<\/div>\n\t\t\t\t<\/div>\n\t\t\t\t<div class=\"elementor-element elementor-element-0b49077 elementor-widget elementor-widget-text-editor\" data-id=\"0b49077\" data-element_type=\"widget\" data-widget_type=\"text-editor.default\">\n\t\t\t\t<div class=\"elementor-widget-container\">\n\t\t\t\t\t\t\t\t<div class=\"elementor-text-editor elementor-clearfix\">\n\t\t\t\t5.1 Holocreators beh\u00e4lt sich das Eigentum an der gelieferten Sache bis zur vollst\u00e4ndigen Zahlung aller Forderungen aus dem Werklieferungsvertrag vor.\t\t\t\t\t<\/div>\n\t\t\t\t\t\t<\/div>\n\t\t\t\t<\/div>\n\t\t\t\t<div class=\"elementor-element elementor-element-154b9ba elementor-widget elementor-widget-heading\" data-id=\"154b9ba\" data-element_type=\"widget\" data-widget_type=\"heading.default\">\n\t\t\t\t<div class=\"elementor-widget-container\">\n\t\t\t<h2 class=\"elementor-heading-title elementor-size-default\">6. Leistungsbeschreibung<\/h2>\t\t<\/div>\n\t\t\t\t<\/div>\n\t\t\t\t<div class=\"elementor-element elementor-element-96ff731 elementor-widget elementor-widget-text-editor\" data-id=\"96ff731\" data-element_type=\"widget\" data-widget_type=\"text-editor.default\">\n\t\t\t\t<div class=\"elementor-widget-container\">\n\t\t\t\t\t\t\t\t<div class=\"elementor-text-editor elementor-clearfix\">\n\t\t\t\t<p>6.1 Hat der Auftraggeber einen 3D-Druck bestellt, wird dieser, au\u00dfer es wurde etwas anderes vereinbart, mit versichertem DHL-Versand an den Auftraggeber verschickt.<\/p><p>6.2 Hat der Auftraggeber nur den Datensatz bestellt, wird dieser, soweit nichts anderes vereinbart, nach Auftragsabschluss per WeTransfer an eine, vom Auftraggeber mitgeteilte E-Mailadresse versandt.<\/p><p>6.3 Der Umfang der bestellten Produkte und vereinbarten Leistungen ergibt sich aus der Bestellung. Zus\u00e4tzliche Leistungen bed\u00fcrfen der schriftlichen Best\u00e4tigung durch Holocreators.<\/p><p>6.4 Soweit von den Parteien keine andere Absprache getroffen worden und von Holocreators best\u00e4tigt worden ist, gilt eine vorraussichtliche Bearbeitungsdauer zur Fertigstellung von 7 Werktagen nach Auftragseingang.<\/p><p>6.5 Die angebotenen Leistungen beinhalten eine Korrektur-\/\u00c4nderungsschleife. Diese m\u00fcssen innerhalb von 10 Werktagen nach Leistungserbringung vom Auftraggeber schriftlich kommuniziert werden. Jede weitere \u00c4nderung nach Ablauf dieser Beanstandungsfrist wird nach Aufwand berechnet. Sonderleistungen, wie die Umarbeitung oder \u00c4nderung von abgeschlossenen Auftr\u00e4gen werden nach Aufwand gesondert berechnet.<\/p><p>6.6 Holocreators speichert die Datens\u00e4tze der abgeschlossenen Auftr\u00e4ge einen Monat lang und kann sie dem Auftraggeber in dieser Zeit zukommen lassen.<\/p>\t\t\t\t\t<\/div>\n\t\t\t\t\t\t<\/div>\n\t\t\t\t<\/div>\n\t\t\t\t<div class=\"elementor-element elementor-element-5c2a458 elementor-widget elementor-widget-heading\" data-id=\"5c2a458\" data-element_type=\"widget\" data-widget_type=\"heading.default\">\n\t\t\t\t<div class=\"elementor-widget-container\">\n\t\t\t<h2 class=\"elementor-heading-title elementor-size-default\">7. Qualit\u00e4t, Gew\u00e4hrleistung und M\u00e4ngelr\u00fcge<\/h2>\t\t<\/div>\n\t\t\t\t<\/div>\n\t\t\t\t<div class=\"elementor-element elementor-element-0c72f42 elementor-widget elementor-widget-text-editor\" data-id=\"0c72f42\" data-element_type=\"widget\" data-widget_type=\"text-editor.default\">\n\t\t\t\t<div class=\"elementor-widget-container\">\n\t\t\t\t\t\t\t\t<div class=\"elementor-text-editor elementor-clearfix\">\n\t\t\t\t<p>7.1 Die in Werbe- und Angebotsunterlagen enthaltenen Angaben sind unverbindlich und dienen zur Orientierung. Die Abbildungen zeigen Fotografien und Renderings von 3D-Objekten, die Holocreators bearbeitet hat.<\/p><p>7.2. Bei 3D-Objekten handelt es sich um Kunstobjekte. Abweichungen zu abgebildeten Personen\/Tieren\/Gegenst\u00e4nden, wie auch Farbabweichungen im Vergleich zum Original sind daher m\u00f6glich und berechtigen nicht zur M\u00e4ngelr\u00fcge oder R\u00fcckgabe. Bei dem Scanverfahren k\u00f6nnen tote Winkel entstehen. In diesen Bereichen fehlt dem Modell Oberfl\u00e4chen- und Farbinformation. Diese werden w\u00e4hrend der Bearbeitung von Holocreators nachtr\u00e4glich aufgetragen, so dass Abweichungen zur Originalvorlage entstehen k\u00f6nnen. Diese Abweichungen berechtigen nicht zur M\u00e4ngelr\u00fcge oder R\u00fcckgabe.<\/p><p>7.3 Das Druckverfahren arbeitet mit einem additiven, schichtweisen Verfahren. Daher k\u00f6nnen auf der Oberfl\u00e4che der Figur die einzelnen Schichten des Drucks sichtbar sein. Diese verfahrensbedingte Eigenschaft berechtigt nicht zur M\u00e4ngelr\u00fcge oder R\u00fcckgabe. F\u00fcr Sch\u00e4den, die aus unsachgem\u00e4\u00dfen Gebrauch des Produktes resultieren, \u00fcbernimmt Holocreators keine Haftung.<\/p><p>7.5 Holocreators haftet nicht f\u00fcr die naturgem\u00e4\u00df auftretenden Verschleisserscheinungen.<\/p><p>7.6 Kann aus technischen Gr\u00fcnden kein druckbares 3D-Modell aus den Vorlagen erstellt werden, so beh\u00e4lt sich Holocreators vor, vom Auftrag zur\u00fcck zu treten.<\/p><p>7.6 Die in Polymergips gedruckten Objekte sind Druck-, Schlag-, Hitze-, Sonnenlicht- und Wasserempfindlich.<\/p>\t\t\t\t\t<\/div>\n\t\t\t\t\t\t<\/div>\n\t\t\t\t<\/div>\n\t\t\t\t<div class=\"elementor-element elementor-element-6984f62 elementor-widget elementor-widget-heading\" data-id=\"6984f62\" data-element_type=\"widget\" data-widget_type=\"heading.default\">\n\t\t\t\t<div class=\"elementor-widget-container\">\n\t\t\t<h2 class=\"elementor-heading-title elementor-size-default\">8. Datenschutz<\/h2>\t\t<\/div>\n\t\t\t\t<\/div>\n\t\t\t\t<div class=\"elementor-element elementor-element-e62d8b1 elementor-widget elementor-widget-text-editor\" data-id=\"e62d8b1\" data-element_type=\"widget\" data-widget_type=\"text-editor.default\">\n\t\t\t\t<div class=\"elementor-widget-container\">\n\t\t\t\t\t\t\t\t<div class=\"elementor-text-editor elementor-clearfix\">\n\t\t\t\t8.1 Holocreators verarbeitet personenbezogene Daten des Auftraggebers zweckgebunden und gem\u00e4\u00df den gesetzlichen Bestimmungen. Die zum Zwecke der Bestellung von Waren angegebenen pers\u00f6nlichen Daten (wie zum Beispiel Name, E-Mail- Adresse, Anschrift, Zahlungsdaten) werden von Holocreators zur Erf\u00fcllung und Abwicklung des Vertrags verwendet. Diese Daten werden vertraulich behandelt und nicht an Dritte weitergegeben, die nicht am Bestell-, Herstellungs-, Auslieferungs- und Zahlungsvorgang beteiligt sind. Der Auftraggeber hat das Recht, auf Antrag unentgeltlich Auskunft zu erhalten \u00fcber die personenbezogenen Daten, die von Holocreators \u00fcber ihn gespeichert wurden. Zus\u00e4tzlich hat er das Recht auf Berichtigung unrichtiger Daten, Sperrung und L\u00f6schung seiner personenbezogenen Daten, soweit keine gesetzliche Aufbewahrungspflicht entgegensteht. Weitere Informationen \u00fcber Art, Umfang, Ort und Zweck der Erhebung, Verarbeitung und Nutzung der erforderlichen personenbezogenen Daten durch Holocreators finden sich in der Datenschutzerkl\u00e4rung.\t\t\t\t\t<\/div>\n\t\t\t\t\t\t<\/div>\n\t\t\t\t<\/div>\n\t\t\t\t<div class=\"elementor-element elementor-element-74363ad elementor-widget elementor-widget-heading\" data-id=\"74363ad\" data-element_type=\"widget\" data-widget_type=\"heading.default\">\n\t\t\t\t<div class=\"elementor-widget-container\">\n\t\t\t<h2 class=\"elementor-heading-title elementor-size-default\">9. Sonstiges<\/h2>\t\t<\/div>\n\t\t\t\t<\/div>\n\t\t\t\t<div class=\"elementor-element elementor-element-baaf589 elementor-widget elementor-widget-text-editor\" data-id=\"baaf589\" data-element_type=\"widget\" data-widget_type=\"text-editor.default\">\n\t\t\t\t<div class=\"elementor-widget-container\">\n\t\t\t\t\t\t\t\t<div class=\"elementor-text-editor elementor-clearfix\">\n\t\t\t\t9.1 Dieser Vertrag und die gesamten Rechtsbeziehungen der Parteien unterliegen dem Recht der Bundesrepublik Deutschland unter Ausschluss des UN-Kaufrechts (CISG). Sollten einzelne Bestimmungen dieses Vertrages unwirksam sein oder werden oder unvollst\u00e4ndig sein, so bleiben die \u00fcbrigen Bestimmungen hiervon unber\u00fchrt.\t\t\t\t\t<\/div>\n\t\t\t\t\t\t<\/div>\n\t\t\t\t<\/div>\n\t\t\t\t\t\t<\/div>\n\t\t\t\t\t<\/div>\n\t\t<\/div>\n\t\t\t\t\t\t\t\t<\/div>\n\t\t\t\t\t<\/div>\n\t\t<\/section>\n\t\t\t\t\t\t<\/div>\n\t\t\t\t\t\t<\/div>\n\t\t\t\t\t<\/div>\n\t\t","protected":false},"excerpt":{"rendered":"<p>Allgemeine Gesch\u00e4ftsbedingungen 1. Allgemeines 1.1 Die nachfolgenden Allgemeine Gesch\u00e4ftsbedingungen gelten f\u00fcr alle Angebote und Leistungen der Holocreators GmbH (nachfolgend \u201eHolocreators\u201c genannt). Dies gilt insbesondere auch dann, wenn der Auftraggeber Allgemeine Gesch\u00e4ftsbedingungen verwendet und diese entgegenstehende oder von den hier aufgef\u00fchrten Allgemeine Gesch\u00e4ftsbedingungen abweichende Bedingungen enthalten. 1.2 Die hier aufgef\u00fchrten Allgemeine Gesch\u00e4ftsbedingungen gelten auch, wenn Holocreators [&hellip;]<\/p>\n","protected":false},"author":3,"featured_media":11610,"parent":0,"menu_order":0,"comment_status":"closed","ping_status":"closed","template":"elementor_header_footer","meta":{"inline_featured_image":false,"footnotes":""},"class_list":["post-6367","page","type-page","status-publish","has-post-thumbnail","hentry"],"acf":[],"yoast_head":"<!-- This site is optimized with the Yoast SEO plugin v15.9 - https:\/\/yoast.com\/wordpress\/plugins\/seo\/ -->\n<title>Holocreators | AGB<\/title>\n<meta name=\"description\" content=\"Die Allgemeinen Gesch\u00e4ftsbedingungen (AGB) gelten f\u00fcr alle Angebote und Leistungen der Holocreators GmbH.\" \/>\n<meta name=\"robots\" content=\"index, follow, max-snippet:-1, max-image-preview:large, max-video-preview:-1\" \/>\n<link rel=\"canonical\" href=\"https:\/\/holocreators.com\/de\/agb\/\" \/>\n<meta property=\"og:locale\" content=\"de_DE\" \/>\n<meta property=\"og:type\" content=\"article\" \/>\n<meta property=\"og:title\" content=\"Holocreators | AGB\" \/>\n<meta property=\"og:description\" content=\"Die Allgemeinen Gesch\u00e4ftsbedingungen (AGB) gelten f\u00fcr alle Angebote und Leistungen der Holocreators GmbH.\" \/>\n<meta property=\"og:url\" content=\"https:\/\/holocreators.com\/de\/agb\/\" \/>\n<meta property=\"og:site_name\" content=\"Holocreators\" \/>\n<meta property=\"article:modified_time\" content=\"2021-11-17T15:26:00+00:00\" \/>\n<meta property=\"og:image\" content=\"https:\/\/holocreators.com\/wp-content\/uploads\/2021\/10\/holocreators-preview.jpeg\" \/>\n\t<meta property=\"og:image:width\" content=\"512\" \/>\n\t<meta property=\"og:image:height\" content=\"536\" \/>\n<meta name=\"twitter:card\" content=\"summary_large_image\" \/>\n<meta name=\"twitter:label1\" content=\"Gesch\u00e4tzte Lesezeit\">\n\t<meta name=\"twitter:data1\" content=\"5\u00a0Minuten\">\n<script type=\"application\/ld+json\" class=\"yoast-schema-graph\">{\"@context\":\"https:\/\/schema.org\",\"@graph\":[{\"@type\":\"Organization\",\"@id\":\"https:\/\/holocreators.com\/de\/#organization\",\"name\":\"Holocreators\",\"url\":\"https:\/\/holocreators.com\/de\/\",\"sameAs\":[],\"logo\":{\"@type\":\"ImageObject\",\"@id\":\"https:\/\/holocreators.com\/de\/#logo\",\"inLanguage\":\"de\",\"url\":\"https:\/\/holocreators.com\/wp-content\/uploads\/2021\/02\/cropped-icon-270x270-1.png\",\"width\":270,\"height\":270,\"caption\":\"Holocreators\"},\"image\":{\"@id\":\"https:\/\/holocreators.com\/de\/#logo\"}},{\"@type\":\"WebSite\",\"@id\":\"https:\/\/holocreators.com\/de\/#website\",\"url\":\"https:\/\/holocreators.com\/de\/\",\"name\":\"Holocreators\",\"description\":\"Just another WordPress site\",\"publisher\":{\"@id\":\"https:\/\/holocreators.com\/de\/#organization\"},\"potentialAction\":[{\"@type\":\"SearchAction\",\"target\":\"https:\/\/holocreators.com\/de\/?s={search_term_string}\",\"query-input\":\"required name=search_term_string\"}],\"inLanguage\":\"de\"},{\"@type\":\"ImageObject\",\"@id\":\"https:\/\/holocreators.com\/de\/agb\/#primaryimage\",\"inLanguage\":\"de\",\"url\":\"https:\/\/holocreators.com\/wp-content\/uploads\/2021\/10\/holocreators-preview.jpeg\",\"width\":512,\"height\":536},{\"@type\":\"WebPage\",\"@id\":\"https:\/\/holocreators.com\/de\/agb\/#webpage\",\"url\":\"https:\/\/holocreators.com\/de\/agb\/\",\"name\":\"Holocreators | AGB\",\"isPartOf\":{\"@id\":\"https:\/\/holocreators.com\/de\/#website\"},\"primaryImageOfPage\":{\"@id\":\"https:\/\/holocreators.com\/de\/agb\/#primaryimage\"},\"datePublished\":\"2021-03-18T21:09:04+00:00\",\"dateModified\":\"2021-11-17T15:26:00+00:00\",\"description\":\"Die Allgemeinen Gesch\\u00e4ftsbedingungen (AGB) gelten f\\u00fcr alle Angebote und Leistungen der Holocreators GmbH.\",\"breadcrumb\":{\"@id\":\"https:\/\/holocreators.com\/de\/agb\/#breadcrumb\"},\"inLanguage\":\"de\",\"potentialAction\":[{\"@type\":\"ReadAction\",\"target\":[\"https:\/\/holocreators.com\/de\/agb\/\"]}]},{\"@type\":\"BreadcrumbList\",\"@id\":\"https:\/\/holocreators.com\/de\/agb\/#breadcrumb\",\"itemListElement\":[{\"@type\":\"ListItem\",\"position\":1,\"item\":{\"@type\":\"WebPage\",\"@id\":\"https:\/\/holocreators.com\/de\/\",\"url\":\"https:\/\/holocreators.com\/de\/\",\"name\":\"Home\"}},{\"@type\":\"ListItem\",\"position\":2,\"item\":{\"@type\":\"WebPage\",\"@id\":\"https:\/\/holocreators.com\/de\/agb\/\",\"url\":\"https:\/\/holocreators.com\/de\/agb\/\",\"name\":\"AGB\"}}]}]}<\/script>\n<!-- \/ Yoast SEO plugin. -->","_links":{"self":[{"href":"https:\/\/holocreators.com\/de\/wp-json\/wp\/v2\/pages\/6367","targetHints":{"allow":["GET"]}}],"collection":[{"href":"https:\/\/holocreators.com\/de\/wp-json\/wp\/v2\/pages"}],"about":[{"href":"https:\/\/holocreators.com\/de\/wp-json\/wp\/v2\/types\/page"}],"author":[{"embeddable":true,"href":"https:\/\/holocreators.com\/de\/wp-json\/wp\/v2\/users\/3"}],"replies":[{"embeddable":true,"href":"https:\/\/holocreators.com\/de\/wp-json\/wp\/v2\/comments?post=6367"}],"version-history":[{"count":1,"href":"https:\/\/holocreators.com\/de\/wp-json\/wp\/v2\/pages\/6367\/revisions"}],"predecessor-version":[{"id":11874,"href":"https:\/\/holocreators.com\/de\/wp-json\/wp\/v2\/pages\/6367\/revisions\/11874"}],"wp:featuredmedia":[{"embeddable":true,"href":"https:\/\/holocreators.com\/de\/wp-json\/wp\/v2\/media\/11610"}],"wp:attachment":[{"href":"https:\/\/holocreators.com\/de\/wp-json\/wp\/v2\/media?parent=6367"}],"curies":[{"name":"wp","href":"https:\/\/api.w.org\/{rel}","templated":true}]}}