{"id":6704,"date":"2021-03-19T11:41:57","date_gmt":"2021-03-19T11:41:57","guid":{"rendered":"http:\/\/sobanvlad.beget.tech\/holocreators\/?page_id=6704"},"modified":"2021-11-17T15:32:11","modified_gmt":"2021-11-17T15:32:11","slug":"schulung-und-beratung","status":"publish","type":"page","link":"https:\/\/holocreators.com\/de\/schulung-und-beratung\/","title":{"rendered":"Schulung und Beratung"},"content":{"rendered":"\t\t<div data-elementor-type=\"wp-page\" data-elementor-id=\"6704\" class=\"elementor elementor-6704\" data-elementor-settings=\"[]\">\n\t\t\t\t\t\t<div class=\"elementor-inner\">\n\t\t\t\t\t\t\t<div class=\"elementor-section-wrap\">\n\t\t\t\t\t\t\t<section class=\"elementor-section elementor-top-section elementor-element elementor-element-656ab763 pageTemplateCustomStyleBlock elementor-section-boxed elementor-section-height-default elementor-section-height-default\" data-id=\"656ab763\" data-element_type=\"section\">\n\t\t\t\t\t\t<div class=\"elementor-container elementor-column-gap-default\">\n\t\t\t\t\t\t\t<div class=\"elementor-row\">\n\t\t\t\t\t<div class=\"elementor-column elementor-col-100 elementor-top-column elementor-element elementor-element-6c0fa89\" data-id=\"6c0fa89\" data-element_type=\"column\">\n\t\t\t<div class=\"elementor-column-wrap elementor-element-populated\">\n\t\t\t\t\t\t\t<div class=\"elementor-widget-wrap\">\n\t\t\t\t\t\t<div class=\"elementor-element elementor-element-626d91d3 titleStyleBlock elementor-widget elementor-widget-heading\" data-id=\"626d91d3\" data-element_type=\"widget\" data-widget_type=\"heading.default\">\n\t\t\t\t<div class=\"elementor-widget-container\">\n\t\t\t<h1 class=\"elementor-heading-title elementor-size-default\">Schulung und Beratung<\/h1>\t\t<\/div>\n\t\t\t\t<\/div>\n\t\t\t\t<div class=\"elementor-element elementor-element-4aa2062b elementor-widget elementor-widget-heading\" data-id=\"4aa2062b\" data-element_type=\"widget\" data-widget_type=\"heading.default\">\n\t\t\t\t<div class=\"elementor-widget-container\">\n\t\t\t<h2 class=\"elementor-heading-title elementor-size-default\">Schulung und Beratung zu der Software \u201eZbrush\u201c<\/h2>\t\t<\/div>\n\t\t\t\t<\/div>\n\t\t\t\t<div class=\"elementor-element elementor-element-229e1763 elementor-widget elementor-widget-text-editor\" data-id=\"229e1763\" data-element_type=\"widget\" data-widget_type=\"text-editor.default\">\n\t\t\t\t<div class=\"elementor-widget-container\">\n\t\t\t\t\t\t\t\t<div class=\"elementor-text-editor elementor-clearfix\">\n\t\t\t\t<p>Zbrush ist der Industriestandard f\u00fcr die 3D-Modellierung. Bei der Arbeit mit Polygonnetzen<br \/>und Texturierung von 3D-Modellen ist es ein unverzichtbares Werkzeug. Holocreators<br \/>befasst sich seit sechs Jahren mit der Datenaufbereitung von 3D-Scans, dabei arbeiten wir<br \/>oft mit Zbrush.<br \/>Unser Zbrush Grundkurs richtet sich an 3D-Artists aber auch an CAD-Konstrukteure, die sich<br \/>mit Polygon-3D-Modellierung auseinandersetzen wollen. In unserem Zbrush Grundkurs<br \/>lernen Sie folgende Techniken kennen:<\/p><ul><li>Die Navigation in Zbrush<\/li><li>Den Import und Export von Datens\u00e4tzen<\/li><li>Den Einsatz von Modellierungswerkzeugen (Brushes)<\/li><li>Die Remesh-Funktionen<\/li><li>Die Erstellung von UV-Maps und Texturen<\/li><\/ul>\t\t\t\t\t<\/div>\n\t\t\t\t\t\t<\/div>\n\t\t\t\t<\/div>\n\t\t\t\t<div class=\"elementor-element elementor-element-7f3102a elementor-widget elementor-widget-heading\" data-id=\"7f3102a\" data-element_type=\"widget\" data-widget_type=\"heading.default\">\n\t\t\t\t<div class=\"elementor-widget-container\">\n\t\t\t<h2 class=\"elementor-heading-title elementor-size-default\">Schulung und Beratung zum Thema Reverse Engineering<\/h2>\t\t<\/div>\n\t\t\t\t<\/div>\n\t\t\t\t<div class=\"elementor-element elementor-element-34559b6 elementor-widget elementor-widget-text-editor\" data-id=\"34559b6\" data-element_type=\"widget\" data-widget_type=\"text-editor.default\">\n\t\t\t\t<div class=\"elementor-widget-container\">\n\t\t\t\t\t\t\t\t<div class=\"elementor-text-editor elementor-clearfix\">\n\t\t\t\t<p>Mit dem Reverse-Engineering ist es m\u00f6glich ein Bauteil in 3D zu scannen und das 3D-Modell<br \/>dann in einen CAD-Datensatz umzuwandeln. Die Schulung richtet sich an Ingenieure,<br \/>Maschinenbauer und Technische Zeichner, die Ihre Kompetenz in der klassischen CADKonstruktion um das Spektrum des Reverse-Engineerings einschlie\u00dflich der<br \/>Fl\u00e4chenr\u00fcckf\u00fchrung erweitern wollen.<\/p><p>Wir erarbeiten Schritt f\u00fcr Schritt mit Ihnen ein Projekt. Vom urspr\u00fcnglichen Bauteil, \u00fcber den<br \/>3D-Scan (Digitalisierung), bis hin zur Fertigung des neuen Bauteils. Nach der Teilnahme am<br \/>Lehrgang werden Sie in der Lage sein, einzusch\u00e4tzen wie das Reverse-Engineering in Ihrem<br \/>Unternehmen anzuwenden ist und zu entscheiden, welchen 3D-Scanner, Software und<br \/>Fertigungsverfahren angebracht sind.<\/p>\t\t\t\t\t<\/div>\n\t\t\t\t\t\t<\/div>\n\t\t\t\t<\/div>\n\t\t\t\t<div class=\"elementor-element elementor-element-29e9948 elementor-widget elementor-widget-heading\" data-id=\"29e9948\" data-element_type=\"widget\" data-widget_type=\"heading.default\">\n\t\t\t\t<div class=\"elementor-widget-container\">\n\t\t\t<h2 class=\"elementor-heading-title elementor-size-default\">Wir haben die Schulung in verschiedene Unterpunkte aufgeteilt<\/h2>\t\t<\/div>\n\t\t\t\t<\/div>\n\t\t\t\t<div class=\"elementor-element elementor-element-1a63ab6 elementor-widget elementor-widget-text-editor\" data-id=\"1a63ab6\" data-element_type=\"widget\" data-widget_type=\"text-editor.default\">\n\t\t\t\t<div class=\"elementor-widget-container\">\n\t\t\t\t\t\t\t\t<div class=\"elementor-text-editor elementor-clearfix\">\n\t\t\t\tAnwendungsbereiche\n<ul>\n<li>Reverse-Engineering<\/li>\n<li>Qualit\u00e4tssicherung<\/li>\n<li>Konstruktion<\/li>\n<\/ul>\nReverse-Engineering im Detail\n<ul>\n<li>Fl\u00e4chenr\u00fcckf\u00fchrung<\/li>\n<li>Reverse-Engineering zum Volumenmodell<\/li>\n<li>Reverse-Engineering zum parametrischen Modell mit Konstruktionshistorie<\/li>\n<\/ul>\nBen\u00f6tigte Mittel \u2013 \u00dcbersicht und Vergleich\n<ul>\n<li>3D-Scanner (Genauigkeit und Mobilit\u00e4t)<\/li>\n<li>Software (Eigenschaften und Funktionen)<\/li>\n<li>Dienstleister (Risiko und Laufzeit)<\/li>\n<\/ul>\nPraktische Umsetzung \u2013 Fallbeispiel<br>\n1. Analyse des Originalteils<br>\n2. 3D-Scanverfahren (Streifenprojektion, Lasertriangulation, CT)<br>\n3. Reverse-Engineering (Fl\u00e4chenr\u00fcckf\u00fchrung, Volumenmodell, parametrisches\nModell)<br>\n4. Refining (Bauteilgruppen auf einander abstimmen)<br>\n5. Herstellungsverfahren (3D-Druck, CNC-Fr\u00e4se, Spritzguss)<br>\n6. Abweichungsanalyse (Soll-Ist-Vergleich)<br>\nKosten-Nutzen-Analyse\n<ul>\n<li>3D-Scanner<\/li>\n<li>Software<\/li>\n<li>Beschaffung<\/li>\n<li>Bedienung (Schulung der Mitarbeiter)<\/li>\n<li>Auslastung (Zielgruppe)<\/li>\n<li>Vergleich: <\/li>(Firmenintern oder Auslagern)<\/li>\n<ul>\n<li>Produktionseinf\u00fchrungszeit<\/li>\n<li>Flexibilit\u00e4t<\/li>\n<li>Datensicherheit (NDA)<\/li>\n<\/ul>\n<\/ul>\nGemeinsame Evaluation\n<ul>\n<li>Rentabilit\u00e4t<\/li>\n<li>Externe Dienstleister<\/li>\n<li>Technologie Trends<\/li>\n<\/ul>\t\t\t\t\t<\/div>\n\t\t\t\t\t\t<\/div>\n\t\t\t\t<\/div>\n\t\t\t\t<div class=\"elementor-element elementor-element-c3d45c5 elementor-widget elementor-widget-heading\" data-id=\"c3d45c5\" data-element_type=\"widget\" data-widget_type=\"heading.default\">\n\t\t\t\t<div class=\"elementor-widget-container\">\n\t\t\t<h2 class=\"elementor-heading-title elementor-size-default\">W\u00fcnschen Sie weitere Informationen zu unseren Schulungen und Beratungsleistungen?<\/h2>\t\t<\/div>\n\t\t\t\t<\/div>\n\t\t\t\t<div class=\"elementor-element elementor-element-3454489 elementor-widget elementor-widget-text-editor\" data-id=\"3454489\" data-element_type=\"widget\" data-widget_type=\"text-editor.default\">\n\t\t\t\t<div class=\"elementor-widget-container\">\n\t\t\t\t\t\t\t\t<div class=\"elementor-text-editor elementor-clearfix\">\n\t\t\t\tHolocreators bietet einen professionellen 3D-Scan-Service und Reverse-Engineering an. Mit unserer langj\u00e4hrigen Erfahrung beraten Sie gerne bei Ihrem Vorhaben. Rufen Sie uns an <a href=\"tel:+49 40 481133\">+49 40 481133\u0411<\/a> oder schreiben Sie uns eine E-Mail: <a href=\"mailto:info@holocreators.com\">info@holocreators.com<\/a>.\t\t\t\t\t<\/div>\n\t\t\t\t\t\t<\/div>\n\t\t\t\t<\/div>\n\t\t\t\t\t\t<\/div>\n\t\t\t\t\t<\/div>\n\t\t<\/div>\n\t\t\t\t\t\t\t\t<\/div>\n\t\t\t\t\t<\/div>\n\t\t<\/section>\n\t\t\t\t\t\t<\/div>\n\t\t\t\t\t\t<\/div>\n\t\t\t\t\t<\/div>\n\t\t","protected":false},"excerpt":{"rendered":"<p>Schulung und Beratung Schulung und Beratung zu der Software \u201eZbrush\u201c Zbrush ist der Industriestandard f\u00fcr die 3D-Modellierung. Bei der Arbeit mit Polygonnetzen und Texturierung von 3D-Modellen ist es ein unverzichtbares Werkzeug. Holocreators befasst sich seit sechs Jahren mit der Datenaufbereitung von 3D-Scans, dabei arbeiten wir oft mit Zbrush. Unser Zbrush Grundkurs richtet sich an 3D-Artists [&hellip;]<\/p>\n","protected":false},"author":1,"featured_media":11610,"parent":0,"menu_order":0,"comment_status":"closed","ping_status":"closed","template":"elementor_header_footer","meta":{"inline_featured_image":false,"footnotes":""},"class_list":["post-6704","page","type-page","status-publish","has-post-thumbnail","hentry"],"acf":[],"yoast_head":"<!-- This site is optimized with the Yoast SEO plugin v15.9 - https:\/\/yoast.com\/wordpress\/plugins\/seo\/ -->\n<title>Holocreators | Schulung und Beratung<\/title>\n<meta name=\"description\" content=\"Holocreators bietet verschiedene Schulungen und Beratungsleistungen zu den Themen 3D-Scan, 3D-Modellierung, Reverse-Engineering und Zbrush an.\" \/>\n<meta name=\"robots\" content=\"index, follow, max-snippet:-1, max-image-preview:large, max-video-preview:-1\" \/>\n<link rel=\"canonical\" href=\"https:\/\/holocreators.com\/de\/schulung-und-beratung\/\" \/>\n<meta property=\"og:locale\" content=\"de_DE\" \/>\n<meta property=\"og:type\" content=\"article\" \/>\n<meta property=\"og:title\" content=\"Holocreators | Schulung und Beratung\" \/>\n<meta property=\"og:description\" content=\"Holocreators bietet verschiedene Schulungen und Beratungsleistungen zu den Themen 3D-Scan, 3D-Modellierung, Reverse-Engineering und Zbrush an.\" \/>\n<meta property=\"og:url\" content=\"https:\/\/holocreators.com\/de\/schulung-und-beratung\/\" \/>\n<meta property=\"og:site_name\" content=\"Holocreators\" \/>\n<meta property=\"article:modified_time\" content=\"2021-11-17T15:32:11+00:00\" \/>\n<meta property=\"og:image\" content=\"https:\/\/holocreators.com\/wp-content\/uploads\/2021\/10\/holocreators-preview.jpeg\" \/>\n\t<meta property=\"og:image:width\" content=\"512\" \/>\n\t<meta property=\"og:image:height\" content=\"536\" \/>\n<meta name=\"twitter:card\" content=\"summary_large_image\" \/>\n<meta name=\"twitter:label1\" content=\"Gesch\u00e4tzte Lesezeit\">\n\t<meta name=\"twitter:data1\" content=\"2\u00a0Minuten\">\n<script type=\"application\/ld+json\" class=\"yoast-schema-graph\">{\"@context\":\"https:\/\/schema.org\",\"@graph\":[{\"@type\":\"Organization\",\"@id\":\"https:\/\/holocreators.com\/de\/#organization\",\"name\":\"Holocreators\",\"url\":\"https:\/\/holocreators.com\/de\/\",\"sameAs\":[],\"logo\":{\"@type\":\"ImageObject\",\"@id\":\"https:\/\/holocreators.com\/de\/#logo\",\"inLanguage\":\"de\",\"url\":\"https:\/\/holocreators.com\/wp-content\/uploads\/2021\/02\/cropped-icon-270x270-1.png\",\"width\":270,\"height\":270,\"caption\":\"Holocreators\"},\"image\":{\"@id\":\"https:\/\/holocreators.com\/de\/#logo\"}},{\"@type\":\"WebSite\",\"@id\":\"https:\/\/holocreators.com\/de\/#website\",\"url\":\"https:\/\/holocreators.com\/de\/\",\"name\":\"Holocreators\",\"description\":\"Just another WordPress site\",\"publisher\":{\"@id\":\"https:\/\/holocreators.com\/de\/#organization\"},\"potentialAction\":[{\"@type\":\"SearchAction\",\"target\":\"https:\/\/holocreators.com\/de\/?s={search_term_string}\",\"query-input\":\"required name=search_term_string\"}],\"inLanguage\":\"de\"},{\"@type\":\"ImageObject\",\"@id\":\"https:\/\/holocreators.com\/de\/schulung-und-beratung\/#primaryimage\",\"inLanguage\":\"de\",\"url\":\"https:\/\/holocreators.com\/wp-content\/uploads\/2021\/10\/holocreators-preview.jpeg\",\"width\":512,\"height\":536},{\"@type\":\"WebPage\",\"@id\":\"https:\/\/holocreators.com\/de\/schulung-und-beratung\/#webpage\",\"url\":\"https:\/\/holocreators.com\/de\/schulung-und-beratung\/\",\"name\":\"Holocreators | Schulung und Beratung\",\"isPartOf\":{\"@id\":\"https:\/\/holocreators.com\/de\/#website\"},\"primaryImageOfPage\":{\"@id\":\"https:\/\/holocreators.com\/de\/schulung-und-beratung\/#primaryimage\"},\"datePublished\":\"2021-03-19T11:41:57+00:00\",\"dateModified\":\"2021-11-17T15:32:11+00:00\",\"description\":\"Holocreators bietet verschiedene Schulungen und Beratungsleistungen zu den Themen 3D-Scan, 3D-Modellierung, Reverse-Engineering und Zbrush an.\",\"breadcrumb\":{\"@id\":\"https:\/\/holocreators.com\/de\/schulung-und-beratung\/#breadcrumb\"},\"inLanguage\":\"de\",\"potentialAction\":[{\"@type\":\"ReadAction\",\"target\":[\"https:\/\/holocreators.com\/de\/schulung-und-beratung\/\"]}]},{\"@type\":\"BreadcrumbList\",\"@id\":\"https:\/\/holocreators.com\/de\/schulung-und-beratung\/#breadcrumb\",\"itemListElement\":[{\"@type\":\"ListItem\",\"position\":1,\"item\":{\"@type\":\"WebPage\",\"@id\":\"https:\/\/holocreators.com\/de\/\",\"url\":\"https:\/\/holocreators.com\/de\/\",\"name\":\"Home\"}},{\"@type\":\"ListItem\",\"position\":2,\"item\":{\"@type\":\"WebPage\",\"@id\":\"https:\/\/holocreators.com\/de\/schulung-und-beratung\/\",\"url\":\"https:\/\/holocreators.com\/de\/schulung-und-beratung\/\",\"name\":\"Schulung und Beratung\"}}]}]}<\/script>\n<!-- \/ Yoast SEO plugin. -->","_links":{"self":[{"href":"https:\/\/holocreators.com\/de\/wp-json\/wp\/v2\/pages\/6704","targetHints":{"allow":["GET"]}}],"collection":[{"href":"https:\/\/holocreators.com\/de\/wp-json\/wp\/v2\/pages"}],"about":[{"href":"https:\/\/holocreators.com\/de\/wp-json\/wp\/v2\/types\/page"}],"author":[{"embeddable":true,"href":"https:\/\/holocreators.com\/de\/wp-json\/wp\/v2\/users\/1"}],"replies":[{"embeddable":true,"href":"https:\/\/holocreators.com\/de\/wp-json\/wp\/v2\/comments?post=6704"}],"version-history":[{"count":1,"href":"https:\/\/holocreators.com\/de\/wp-json\/wp\/v2\/pages\/6704\/revisions"}],"predecessor-version":[{"id":11883,"href":"https:\/\/holocreators.com\/de\/wp-json\/wp\/v2\/pages\/6704\/revisions\/11883"}],"wp:featuredmedia":[{"embeddable":true,"href":"https:\/\/holocreators.com\/de\/wp-json\/wp\/v2\/media\/11610"}],"wp:attachment":[{"href":"https:\/\/holocreators.com\/de\/wp-json\/wp\/v2\/media?parent=6704"}],"curies":[{"name":"wp","href":"https:\/\/api.w.org\/{rel}","templated":true}]}}