{"id":6731,"date":"2021-03-19T12:08:41","date_gmt":"2021-03-19T12:08:41","guid":{"rendered":"http:\/\/sobanvlad.beget.tech\/holocreators\/?page_id=6731"},"modified":"2025-09-26T07:38:08","modified_gmt":"2025-09-26T07:38:08","slug":"widerruf","status":"publish","type":"page","link":"https:\/\/holocreators.com\/de\/widerruf\/","title":{"rendered":"Revocation"},"content":{"rendered":"\t\t<div data-elementor-type=\"wp-page\" data-elementor-id=\"6731\" class=\"elementor elementor-6731\" data-elementor-settings=\"[]\">\n\t\t\t\t\t\t<div class=\"elementor-inner\">\n\t\t\t\t\t\t\t<div class=\"elementor-section-wrap\">\n\t\t\t\t\t\t\t<section class=\"elementor-section elementor-top-section elementor-element elementor-element-656ab763 pageTemplateCustomStyleBlock elementor-section-boxed elementor-section-height-default elementor-section-height-default\" data-id=\"656ab763\" data-element_type=\"section\">\n\t\t\t\t\t\t<div class=\"elementor-container elementor-column-gap-default\">\n\t\t\t\t\t\t\t<div class=\"elementor-row\">\n\t\t\t\t\t<div class=\"elementor-column elementor-col-100 elementor-top-column elementor-element elementor-element-6c0fa89\" data-id=\"6c0fa89\" data-element_type=\"column\">\n\t\t\t<div class=\"elementor-column-wrap elementor-element-populated\">\n\t\t\t\t\t\t\t<div class=\"elementor-widget-wrap\">\n\t\t\t\t\t\t<div class=\"elementor-element elementor-element-626d91d3 titleStyleBlock elementor-widget elementor-widget-heading\" data-id=\"626d91d3\" data-element_type=\"widget\" data-widget_type=\"heading.default\">\n\t\t\t\t<div class=\"elementor-widget-container\">\n\t\t\t<h1 class=\"elementor-heading-title elementor-size-default\">Widerruf f\u00fcr Verbraucher<\/h1>\t\t<\/div>\n\t\t\t\t<\/div>\n\t\t\t\t<div class=\"elementor-element elementor-element-4aa2062b elementor-widget elementor-widget-heading\" data-id=\"4aa2062b\" data-element_type=\"widget\" data-widget_type=\"heading.default\">\n\t\t\t\t<div class=\"elementor-widget-container\">\n\t\t\t<h2 class=\"elementor-heading-title elementor-size-default\">Widerrufsbelehrung<\/h2>\t\t<\/div>\n\t\t\t\t<\/div>\n\t\t\t\t<div class=\"elementor-element elementor-element-229e1763 elementor-widget elementor-widget-text-editor\" data-id=\"229e1763\" data-element_type=\"widget\" data-widget_type=\"text-editor.default\">\n\t\t\t\t<div class=\"elementor-widget-container\">\n\t\t\t\t\t\t\t\t<div class=\"elementor-text-editor elementor-clearfix\">\n\t\t\t\tVerbraucher ist jede nat\u00fcrliche Person, die ein Rechtsgesch\u00e4ft zu Zwecken abschlie\u00dft, die\n\u00fcberwiegend weder ihrer gewerblichen noch ihrer selbst\u00e4ndigen beruflichen T\u00e4tigkeit\nzugerechnet werden k\u00f6nnen.\t\t\t\t\t<\/div>\n\t\t\t\t\t\t<\/div>\n\t\t\t\t<\/div>\n\t\t\t\t<div class=\"elementor-element elementor-element-7f3102a elementor-widget elementor-widget-heading\" data-id=\"7f3102a\" data-element_type=\"widget\" data-widget_type=\"heading.default\">\n\t\t\t\t<div class=\"elementor-widget-container\">\n\t\t\t<h2 class=\"elementor-heading-title elementor-size-default\">Widerrufsrecht<\/h2>\t\t<\/div>\n\t\t\t\t<\/div>\n\t\t\t\t<div class=\"elementor-element elementor-element-34559b6 elementor-widget elementor-widget-text-editor\" data-id=\"34559b6\" data-element_type=\"widget\" data-widget_type=\"text-editor.default\">\n\t\t\t\t<div class=\"elementor-widget-container\">\n\t\t\t\t\t\t\t\t<div class=\"elementor-text-editor elementor-clearfix\">\n\t\t\t\t<p>Sie haben das Recht, binnen 14 Tagen ohne Angabe von Gr\u00fcnden diesen Vertrag zu<br>widerrufen. Die Widerrufsfrist betr\u00e4gt 14 Tage ab dem Tag des Vertragsschlusses. Um Ihr<br>Widerrufsrecht auszu\u00fcben, m\u00fcssen Sie uns (\u00a9 Holocreators GmbH), Susanne-von-Paczensky-Str. 1, 22765 Hamburg, Deutschland, Tel.: <a href=\"tel:+49 40 481133\" style=\"background-color: rgb(255, 255, 255);\">+49 40 481133<a href=\"http:\/\/voice.google.com\/calls?a=nc,%2B4940481133\" class=\"gv-tel-link\" target=\"_blank\" rel=\"noopener\" title=\"Call +49 40 481133 via Google Voice\"><\/a><\/a><a href=\"http:\/\/voice.google.com\/calls?a=nc,%2B4940481133\" target=\"_blank\" rel=\"noopener\" title=\"Call +49 40 481133 via Google Voice\"><\/a>, E-Mail: <a href=\"mailto:info@holocreators.com\" style=\"background-color: rgb(255, 255, 255);\">info@holocreatorscom<\/a>.) mittels einer eindeutigen Erkl\u00e4rung (z. B. ein mit der Post versandter Brief, Telefax oder E-Mail) \u00fcber Ihren Entschluss, diesen Vertrag zu widerrufen, informieren. Sie k\u00f6nnen daf\u00fcr das beigef\u00fcgte Muster-Widerrufsformular verwenden, das jedoch nicht vorgeschrieben ist. Zur Wahrung der Widerrufsfrist reicht es aus, dass Sie die Mitteilung \u00fcber die Aus\u00fcbung des Widerrufsrechts vor Ablauf der Widerrufsfrist absenden.<\/p>\t\t\t\t\t<\/div>\n\t\t\t\t\t\t<\/div>\n\t\t\t\t<\/div>\n\t\t\t\t<div class=\"elementor-element elementor-element-29e9948 elementor-widget elementor-widget-heading\" data-id=\"29e9948\" data-element_type=\"widget\" data-widget_type=\"heading.default\">\n\t\t\t\t<div class=\"elementor-widget-container\">\n\t\t\t<h2 class=\"elementor-heading-title elementor-size-default\">Folgen des Widerrufs<\/h2>\t\t<\/div>\n\t\t\t\t<\/div>\n\t\t\t\t<div class=\"elementor-element elementor-element-1a63ab6 elementor-widget elementor-widget-text-editor\" data-id=\"1a63ab6\" data-element_type=\"widget\" data-widget_type=\"text-editor.default\">\n\t\t\t\t<div class=\"elementor-widget-container\">\n\t\t\t\t\t\t\t\t<div class=\"elementor-text-editor elementor-clearfix\">\n\t\t\t\t3.1. Der Auftraggeber bietet mit seiner Bestellung den Abschluss eines Vertrages verbindlich an. Damit erkennt der Auftraggeber die Allgemeinen Gesch\u00e4ftsbedingungen von Holocreators vollinhaltlich und uneingeschr\u00e4nkt an. Sobald die bestellte Leistung von Holocreators best\u00e4tigt wird, ist die Bestellung verbindlich.\n\n3.2 Im Anschluss an die Bestellung erfolgt die Terminabsprache, soweit nicht bereits w\u00e4hrend des Bestellvorgangs ein verbindlicher Termin vereinbart wurde.\n\n3.3 Das Widerrufsrecht besteht nicht bei Fernabsatzvertr\u00e4gen zur Lieferung von Waren, die nicht vorgefertigt sind und deren Herstellung eine Individuelle Auswahl oder Bestimmung durch den Verbraucher ma\u00dfgeblich istl, oder die eindeutig auf die pers\u00f6nlichen Bed\u00fcrfnisse des Verbrauchers zugeschnitten sind. Holocreators fertigt ausschlie\u00dflich Einzelst\u00fccke nach der Auswahl des Auftraggebers, daher besteht kein Widerrufsrecht.\t\t\t\t\t<\/div>\n\t\t\t\t\t\t<\/div>\n\t\t\t\t<\/div>\n\t\t\t\t<div class=\"elementor-element elementor-element-c3d45c5 elementor-widget elementor-widget-heading\" data-id=\"c3d45c5\" data-element_type=\"widget\" data-widget_type=\"heading.default\">\n\t\t\t\t<div class=\"elementor-widget-container\">\n\t\t\t<h2 class=\"elementor-heading-title elementor-size-default\">Ausschluss bzw. vorzeitiges Erl\u00f6schen des Widerrufsrechts<\/h2>\t\t<\/div>\n\t\t\t\t<\/div>\n\t\t\t\t<div class=\"elementor-element elementor-element-3454489 elementor-widget elementor-widget-text-editor\" data-id=\"3454489\" data-element_type=\"widget\" data-widget_type=\"text-editor.default\">\n\t\t\t\t<div class=\"elementor-widget-container\">\n\t\t\t\t\t\t\t\t<div class=\"elementor-text-editor elementor-clearfix\">\n\t\t\t\t<p>Das Widerrufsrecht besteht nicht bei Vertr\u00e4gen zur Lieferung von digitalen Inhalten, die nicht vorgefertigt sind und f\u00fcr deren Herstellung eine individuelle Auswahl oder Bestimmung durch den Verbraucher ma\u00dfgeblich ist oder die eindeutig auf die pers\u00f6nlichen Bed\u00fcrfnisse des Verbrauchers zugeschnitten sind. Das Widerrufsrecht erlischt vorzeitig, wenn wir mit der Ausf\u00fchrung des Vertrages erst begonnen haben, nachdem Sie dazu Ihre ausdr\u00fcckliche Zustimmung gegeben und gleichzeitig Ihre Kenntnis davon best\u00e4tigt haben, dass Sie Ihr Widerrufsrecht mit Beginn der Vertragserf\u00fcllung unsererseits verlieren. Wir weisen darauf hin, dass wir den Vertragsschluss von der vorgenannten Zustimmung und Best\u00e4tigung abh\u00e4ngig machen k\u00f6nnen.<\/p>\t\t\t\t\t<\/div>\n\t\t\t\t\t\t<\/div>\n\t\t\t\t<\/div>\n\t\t\t\t<div class=\"elementor-element elementor-element-51631ee elementor-widget elementor-widget-heading\" data-id=\"51631ee\" data-element_type=\"widget\" data-widget_type=\"heading.default\">\n\t\t\t\t<div class=\"elementor-widget-container\">\n\t\t\t<h2 class=\"elementor-heading-title elementor-size-default\">Muster-Widerrufsformular<\/h2>\t\t<\/div>\n\t\t\t\t<\/div>\n\t\t\t\t<div class=\"elementor-element elementor-element-0b49077 elementor-widget elementor-widget-text-editor\" data-id=\"0b49077\" data-element_type=\"widget\" data-widget_type=\"text-editor.default\">\n\t\t\t\t<div class=\"elementor-widget-container\">\n\t\t\t\t\t\t\t\t<div class=\"elementor-text-editor elementor-clearfix\">\n\t\t\t\t<p>(Wenn Sie den Vertrag widerrufen wollen, dann f\u00fcllen Sie bitte dieses Formular aus und<br \/>senden Sie es zur\u00fcck.)<br \/>\u2013 An [Einsetzen: Namen\/Firma, Anschrift, E-Mail-Adresse und, sofern vorhanden, die<br \/>Telefaxnummer]:<br \/>\u2013 Hiermit widerrufe(n) ich\/wir (*) den von mir\/uns (*) abgeschlossenen Vertrag \u00fcber den<br \/>Kauf der folgenden Waren (*)\/ die Erbringung der folgenden Dienstleistung(en) (*)<br \/>\u2013 Bestellt am (*)\/erhalten am (*)<br \/>\u2013 Name des\/der Verbraucher(s)<br \/>\u2013 Anschrift des\/der Verbraucher(s)<br \/>\u2013 Unterschrift des\/der Verbraucher(s) (nur bei Mitteilung auf Papier)<br \/>\u2013 Datum<br \/>\u2014\u2014\u2014\u2014\u2014\u2014\u2014\u2014\u2014\u2014\u2014\u2014\u2014<br \/>(*) Unzutreffendes bitte streichen.<\/p>\t\t\t\t\t<\/div>\n\t\t\t\t\t\t<\/div>\n\t\t\t\t<\/div>\n\t\t\t\t\t\t<\/div>\n\t\t\t\t\t<\/div>\n\t\t<\/div>\n\t\t\t\t\t\t\t\t<\/div>\n\t\t\t\t\t<\/div>\n\t\t<\/section>\n\t\t\t\t\t\t<\/div>\n\t\t\t\t\t\t<\/div>\n\t\t\t\t\t<\/div>\n\t\t","protected":false},"excerpt":{"rendered":"<p>Widerruf f\u00fcr Verbraucher Widerrufsbelehrung Verbraucher ist jede nat\u00fcrliche Person, die ein Rechtsgesch\u00e4ft zu Zwecken abschlie\u00dft, die \u00fcberwiegend weder ihrer gewerblichen noch ihrer selbst\u00e4ndigen beruflichen T\u00e4tigkeit zugerechnet werden k\u00f6nnen. Widerrufsrecht Sie haben das Recht, binnen 14 Tagen ohne Angabe von Gr\u00fcnden diesen Vertrag zuwiderrufen. Die Widerrufsfrist betr\u00e4gt 14 Tage ab dem Tag des Vertragsschlusses. Um IhrWiderrufsrecht [&hellip;]<\/p>\n","protected":false},"author":1,"featured_media":11610,"parent":0,"menu_order":0,"comment_status":"closed","ping_status":"closed","template":"elementor_header_footer","meta":{"inline_featured_image":false,"footnotes":""},"class_list":["post-6731","page","type-page","status-publish","has-post-thumbnail","hentry"],"acf":[],"yoast_head":"<!-- This site is optimized with the Yoast SEO plugin v15.9 - https:\/\/yoast.com\/wordpress\/plugins\/seo\/ -->\n<title>Holocreators | Widerruf<\/title>\n<meta name=\"description\" content=\"Widerrufsrecht f\u00fcr Verbraucher: Als Verbraucher haben Sie gewisse Rechte. Alle Details dazu in Bezug auf die Holocreators GmbH finden Sie hier.\" \/>\n<meta name=\"robots\" content=\"index, follow, max-snippet:-1, max-image-preview:large, max-video-preview:-1\" \/>\n<link rel=\"canonical\" href=\"https:\/\/holocreators.com\/de\/widerruf\/\" \/>\n<meta property=\"og:locale\" content=\"de_DE\" \/>\n<meta property=\"og:type\" content=\"article\" \/>\n<meta property=\"og:title\" content=\"Holocreators | Widerruf\" \/>\n<meta property=\"og:description\" content=\"Widerrufsrecht f\u00fcr Verbraucher: Als Verbraucher haben Sie gewisse Rechte. Alle Details dazu in Bezug auf die Holocreators GmbH finden Sie hier.\" \/>\n<meta property=\"og:url\" content=\"https:\/\/holocreators.com\/de\/widerruf\/\" \/>\n<meta property=\"og:site_name\" content=\"Holocreators\" \/>\n<meta property=\"article:modified_time\" content=\"2025-09-26T07:38:08+00:00\" \/>\n<meta property=\"og:image\" content=\"https:\/\/holocreators.com\/wp-content\/uploads\/2021\/10\/holocreators-preview.jpeg\" \/>\n\t<meta property=\"og:image:width\" content=\"512\" \/>\n\t<meta property=\"og:image:height\" content=\"536\" \/>\n<meta name=\"twitter:card\" content=\"summary_large_image\" \/>\n<meta name=\"twitter:label1\" content=\"Gesch\u00e4tzte Lesezeit\">\n\t<meta name=\"twitter:data1\" content=\"2\u00a0Minuten\">\n<script type=\"application\/ld+json\" class=\"yoast-schema-graph\">{\"@context\":\"https:\/\/schema.org\",\"@graph\":[{\"@type\":\"Organization\",\"@id\":\"https:\/\/holocreators.com\/de\/#organization\",\"name\":\"Holocreators\",\"url\":\"https:\/\/holocreators.com\/de\/\",\"sameAs\":[],\"logo\":{\"@type\":\"ImageObject\",\"@id\":\"https:\/\/holocreators.com\/de\/#logo\",\"inLanguage\":\"de\",\"url\":\"https:\/\/holocreators.com\/wp-content\/uploads\/2021\/02\/cropped-icon-270x270-1.png\",\"width\":270,\"height\":270,\"caption\":\"Holocreators\"},\"image\":{\"@id\":\"https:\/\/holocreators.com\/de\/#logo\"}},{\"@type\":\"WebSite\",\"@id\":\"https:\/\/holocreators.com\/de\/#website\",\"url\":\"https:\/\/holocreators.com\/de\/\",\"name\":\"Holocreators\",\"description\":\"Just another WordPress site\",\"publisher\":{\"@id\":\"https:\/\/holocreators.com\/de\/#organization\"},\"potentialAction\":[{\"@type\":\"SearchAction\",\"target\":\"https:\/\/holocreators.com\/de\/?s={search_term_string}\",\"query-input\":\"required name=search_term_string\"}],\"inLanguage\":\"de\"},{\"@type\":\"ImageObject\",\"@id\":\"https:\/\/holocreators.com\/de\/widerruf\/#primaryimage\",\"inLanguage\":\"de\",\"url\":\"https:\/\/holocreators.com\/wp-content\/uploads\/2021\/10\/holocreators-preview.jpeg\",\"width\":512,\"height\":536},{\"@type\":\"WebPage\",\"@id\":\"https:\/\/holocreators.com\/de\/widerruf\/#webpage\",\"url\":\"https:\/\/holocreators.com\/de\/widerruf\/\",\"name\":\"Holocreators | Widerruf\",\"isPartOf\":{\"@id\":\"https:\/\/holocreators.com\/de\/#website\"},\"primaryImageOfPage\":{\"@id\":\"https:\/\/holocreators.com\/de\/widerruf\/#primaryimage\"},\"datePublished\":\"2021-03-19T12:08:41+00:00\",\"dateModified\":\"2025-09-26T07:38:08+00:00\",\"description\":\"Widerrufsrecht f\\u00fcr Verbraucher: Als Verbraucher haben Sie gewisse Rechte. Alle Details dazu in Bezug auf die Holocreators GmbH finden Sie hier.\",\"breadcrumb\":{\"@id\":\"https:\/\/holocreators.com\/de\/widerruf\/#breadcrumb\"},\"inLanguage\":\"de\",\"potentialAction\":[{\"@type\":\"ReadAction\",\"target\":[\"https:\/\/holocreators.com\/de\/widerruf\/\"]}]},{\"@type\":\"BreadcrumbList\",\"@id\":\"https:\/\/holocreators.com\/de\/widerruf\/#breadcrumb\",\"itemListElement\":[{\"@type\":\"ListItem\",\"position\":1,\"item\":{\"@type\":\"WebPage\",\"@id\":\"https:\/\/holocreators.com\/de\/\",\"url\":\"https:\/\/holocreators.com\/de\/\",\"name\":\"Home\"}},{\"@type\":\"ListItem\",\"position\":2,\"item\":{\"@type\":\"WebPage\",\"@id\":\"https:\/\/holocreators.com\/de\/widerruf\/\",\"url\":\"https:\/\/holocreators.com\/de\/widerruf\/\",\"name\":\"Revocation\"}}]}]}<\/script>\n<!-- \/ Yoast SEO plugin. -->","_links":{"self":[{"href":"https:\/\/holocreators.com\/de\/wp-json\/wp\/v2\/pages\/6731","targetHints":{"allow":["GET"]}}],"collection":[{"href":"https:\/\/holocreators.com\/de\/wp-json\/wp\/v2\/pages"}],"about":[{"href":"https:\/\/holocreators.com\/de\/wp-json\/wp\/v2\/types\/page"}],"author":[{"embeddable":true,"href":"https:\/\/holocreators.com\/de\/wp-json\/wp\/v2\/users\/1"}],"replies":[{"embeddable":true,"href":"https:\/\/holocreators.com\/de\/wp-json\/wp\/v2\/comments?post=6731"}],"version-history":[{"count":7,"href":"https:\/\/holocreators.com\/de\/wp-json\/wp\/v2\/pages\/6731\/revisions"}],"predecessor-version":[{"id":13759,"href":"https:\/\/holocreators.com\/de\/wp-json\/wp\/v2\/pages\/6731\/revisions\/13759"}],"wp:featuredmedia":[{"embeddable":true,"href":"https:\/\/holocreators.com\/de\/wp-json\/wp\/v2\/media\/11610"}],"wp:attachment":[{"href":"https:\/\/holocreators.com\/de\/wp-json\/wp\/v2\/media?parent=6731"}],"curies":[{"name":"wp","href":"https:\/\/api.w.org\/{rel}","templated":true}]}}