{"id":9469,"date":"2021-03-19T11:41:07","date_gmt":"2021-03-19T11:41:07","guid":{"rendered":"http:\/\/sobanvlad.beget.tech\/holocreators\/sitemap\/"},"modified":"2021-11-17T15:05:19","modified_gmt":"2021-11-17T15:05:19","slug":"sitemap","status":"publish","type":"page","link":"https:\/\/holocreators.com\/de\/sitemap\/","title":{"rendered":"Sitemap"},"content":{"rendered":"\t\t<div data-elementor-type=\"wp-page\" data-elementor-id=\"9469\" class=\"elementor elementor-9469 elementor-6700\" data-elementor-settings=\"[]\">\n\t\t\t\t\t\t<div class=\"elementor-inner\">\n\t\t\t\t\t\t\t<div class=\"elementor-section-wrap\">\n\t\t\t\t\t\t\t<section class=\"elementor-section elementor-top-section elementor-element elementor-element-656ab763 pageTemplateCustomStyleBlock elementor-section-boxed elementor-section-height-default elementor-section-height-default\" data-id=\"656ab763\" data-element_type=\"section\">\n\t\t\t\t\t\t<div class=\"elementor-container elementor-column-gap-default\">\n\t\t\t\t\t\t\t<div class=\"elementor-row\">\n\t\t\t\t\t<div class=\"elementor-column elementor-col-100 elementor-top-column elementor-element elementor-element-6c0fa89\" data-id=\"6c0fa89\" data-element_type=\"column\">\n\t\t\t<div class=\"elementor-column-wrap elementor-element-populated\">\n\t\t\t\t\t\t\t<div class=\"elementor-widget-wrap\">\n\t\t\t\t\t\t<div class=\"elementor-element elementor-element-626d91d3 titleStyleBlock elementor-widget elementor-widget-heading\" data-id=\"626d91d3\" data-element_type=\"widget\" data-widget_type=\"heading.default\">\n\t\t\t\t<div class=\"elementor-widget-container\">\n\t\t\t<h1 class=\"elementor-heading-title elementor-size-default\">Sitemap<\/h1>\t\t<\/div>\n\t\t\t\t<\/div>\n\t\t\t\t<div class=\"elementor-element elementor-element-229e1763 elementor-widget elementor-widget-text-editor\" data-id=\"229e1763\" data-element_type=\"widget\" data-widget_type=\"text-editor.default\">\n\t\t\t\t<div class=\"elementor-widget-container\">\n\t\t\t\t\t\t\t\t<div class=\"elementor-text-editor elementor-clearfix\">\n\t\t\t\t\n<!-- Page-list plugin v.4.3 wordpress.org\/plugins\/page-list\/ -->\n<ul class=\"page-list \">\n<li class=\"page_item page-item-6539 page_item_has_children\"><a href=\"https:\/\/holocreators.com\/de\/3d-scan-service\/\">3D-Scan-Service<\/a>\n<ul class='children'>\n\t<li class=\"page_item page-item-7040\"><a href=\"https:\/\/holocreators.com\/de\/3d-scan-service\/photogrammetry\/\">Photogrammetry<\/a><\/li>\n\t<li class=\"page_item page-item-7029\"><a href=\"https:\/\/holocreators.com\/de\/3d-scan-service\/streifenlicht-3d-scanner\/\">Structured-light 3D Scanner<\/a><\/li>\n\t<li class=\"page_item page-item-6952\"><a href=\"https:\/\/holocreators.com\/de\/3d-scan-service\/3d-ct-scanner\/\">Was ist ein 3D-CT-Scanner?<\/a><\/li>\n\t<li class=\"page_item page-item-6988\"><a href=\"https:\/\/holocreators.com\/de\/3d-scan-service\/laserscanner\/\">Was ist ein Laserscanner? (3D-Scanner)<\/a><\/li>\n<\/ul>\n<\/li>\n<li class=\"page_item page-item-6441 page_item_has_children\"><a href=\"https:\/\/holocreators.com\/de\/3d-scan-zu-cad-konvertierungsservice\/\">3D-Scan-zu-CAD-Konvertierungsservice (Reverse Engineering)<\/a>\n<ul class='children'>\n\t<li class=\"page_item page-item-7087\"><a href=\"https:\/\/holocreators.com\/de\/3d-scan-zu-cad-konvertierungsservice\/3d-scan-zu-cad-konvertierungsse-rvice-mit-flaechenmodellierung\/\">3D-Scan-zu-CAD-Konvertierungsservice mit Fl\u00e4chenmodellierung (Fl\u00e4chenr\u00fcckf\u00fchrung)<\/a><\/li>\n\t<li class=\"page_item page-item-7053\"><a href=\"https:\/\/holocreators.com\/de\/3d-scan-zu-cad-konvertierungsservice\/3d-scan-zu-cad-konvertierungsservice-mit-parametrischer-modellierung\/\">3D-Scan-zu-CAD-Konvertierungsservice mit parametrischer Modellierung (Nachkonstruktion)<\/a><\/li>\n\t<li class=\"page_item page-item-7058\"><a href=\"https:\/\/holocreators.com\/de\/3d-scan-zu-cad-konvertierungsservice\/reverse-engineering-zum-volumenmodell\/\">Reverse Engineering zum Volumenmodell<\/a><\/li>\n<\/ul>\n<\/li>\n<li class=\"page_item page-item-6367\"><a href=\"https:\/\/holocreators.com\/de\/agb\/\">AGB<\/a><\/li>\n<li class=\"page_item page-item-7340\"><a href=\"https:\/\/holocreators.com\/de\/blog\/\">Blog<\/a><\/li>\n<li class=\"page_item page-item-11795\"><a href=\"https:\/\/holocreators.com\/de\/danke\/\">Danke<\/a><\/li>\n<li class=\"page_item page-item-6630\"><a href=\"https:\/\/holocreators.com\/de\/datenschutzerklaerung\/\">Datenschutzerkl\u00e4rung<\/a><\/li>\n<li class=\"page_item page-item-6224\"><a href=\"https:\/\/holocreators.com\/de\/\">Frontpage de<\/a><\/li>\n<li class=\"page_item page-item-6649\"><a href=\"https:\/\/holocreators.com\/de\/impressum\/\">Impressum<\/a><\/li>\n<li class=\"page_item page-item-6514\"><a href=\"https:\/\/holocreators.com\/de\/jobs\/\">Jobs<\/a><\/li>\n<li class=\"page_item page-item-6524\"><a href=\"https:\/\/holocreators.com\/de\/kontakt\/\">Kontakt<\/a><\/li>\n<li class=\"page_item page-item-6731\"><a href=\"https:\/\/holocreators.com\/de\/widerruf\/\">Revocation<\/a><\/li>\n<li class=\"page_item page-item-6704\"><a href=\"https:\/\/holocreators.com\/de\/schulung-und-beratung\/\">Schulung und Beratung<\/a><\/li>\n<li class=\"page_item page-item-9469\"><a href=\"https:\/\/holocreators.com\/de\/sitemap\/\">Sitemap<\/a><\/li>\n<li class=\"page_item page-item-6305\"><a href=\"https:\/\/holocreators.com\/de\/ueber-uns\/\">\u00dcber uns<\/a><\/li>\n\n<\/ul>\t\t\t\t\t<\/div>\n\t\t\t\t\t\t<\/div>\n\t\t\t\t<\/div>\n\t\t\t\t\t\t<\/div>\n\t\t\t\t\t<\/div>\n\t\t<\/div>\n\t\t\t\t\t\t\t\t<\/div>\n\t\t\t\t\t<\/div>\n\t\t<\/section>\n\t\t\t\t\t\t<\/div>\n\t\t\t\t\t\t<\/div>\n\t\t\t\t\t<\/div>\n\t\t","protected":false},"excerpt":{"rendered":"<p>Sitemap<\/p>\n","protected":false},"author":1,"featured_media":11610,"parent":0,"menu_order":0,"comment_status":"closed","ping_status":"closed","template":"elementor_header_footer","meta":{"inline_featured_image":false,"footnotes":""},"class_list":["post-9469","page","type-page","status-publish","has-post-thumbnail","hentry"],"acf":[],"yoast_head":"<!-- This site is optimized with the Yoast SEO plugin v15.9 - https:\/\/yoast.com\/wordpress\/plugins\/seo\/ -->\n<title>Holocreators | AGB<\/title>\n<meta name=\"description\" content=\"Die Allgemeinen Gesch\u00e4ftsbedingungen (AGB) gelten f\u00fcr alle Angebote und Leistungen der Holocreators GmbH.\" \/>\n<meta name=\"robots\" content=\"index, follow, max-snippet:-1, max-image-preview:large, max-video-preview:-1\" \/>\n<link rel=\"canonical\" href=\"https:\/\/holocreators.com\/de\/sitemap\/\" \/>\n<meta property=\"og:locale\" content=\"de_DE\" \/>\n<meta property=\"og:type\" content=\"article\" \/>\n<meta property=\"og:title\" content=\"Holocreators | AGB\" \/>\n<meta property=\"og:description\" content=\"Die Allgemeinen Gesch\u00e4ftsbedingungen (AGB) gelten f\u00fcr alle Angebote und Leistungen der Holocreators GmbH.\" \/>\n<meta property=\"og:url\" content=\"https:\/\/holocreators.com\/de\/sitemap\/\" \/>\n<meta property=\"og:site_name\" content=\"Holocreators\" \/>\n<meta property=\"article:modified_time\" content=\"2021-11-17T15:05:19+00:00\" \/>\n<meta property=\"og:image\" content=\"https:\/\/holocreators.com\/wp-content\/uploads\/2021\/10\/holocreators-preview.jpeg\" \/>\n\t<meta property=\"og:image:width\" content=\"512\" \/>\n\t<meta property=\"og:image:height\" content=\"536\" \/>\n<meta name=\"twitter:card\" content=\"summary_large_image\" \/>\n<meta name=\"twitter:label1\" content=\"Gesch\u00e4tzte Lesezeit\">\n\t<meta name=\"twitter:data1\" content=\"1\u00a0Minute\">\n<script type=\"application\/ld+json\" class=\"yoast-schema-graph\">{\"@context\":\"https:\/\/schema.org\",\"@graph\":[{\"@type\":\"Organization\",\"@id\":\"https:\/\/holocreators.com\/de\/#organization\",\"name\":\"Holocreators\",\"url\":\"https:\/\/holocreators.com\/de\/\",\"sameAs\":[],\"logo\":{\"@type\":\"ImageObject\",\"@id\":\"https:\/\/holocreators.com\/de\/#logo\",\"inLanguage\":\"de\",\"url\":\"https:\/\/holocreators.com\/wp-content\/uploads\/2021\/02\/cropped-icon-270x270-1.png\",\"width\":270,\"height\":270,\"caption\":\"Holocreators\"},\"image\":{\"@id\":\"https:\/\/holocreators.com\/de\/#logo\"}},{\"@type\":\"WebSite\",\"@id\":\"https:\/\/holocreators.com\/de\/#website\",\"url\":\"https:\/\/holocreators.com\/de\/\",\"name\":\"Holocreators\",\"description\":\"Just another WordPress site\",\"publisher\":{\"@id\":\"https:\/\/holocreators.com\/de\/#organization\"},\"potentialAction\":[{\"@type\":\"SearchAction\",\"target\":\"https:\/\/holocreators.com\/de\/?s={search_term_string}\",\"query-input\":\"required name=search_term_string\"}],\"inLanguage\":\"de\"},{\"@type\":\"ImageObject\",\"@id\":\"https:\/\/holocreators.com\/de\/sitemap\/#primaryimage\",\"inLanguage\":\"de\",\"url\":\"https:\/\/holocreators.com\/wp-content\/uploads\/2021\/10\/holocreators-preview.jpeg\",\"width\":512,\"height\":536},{\"@type\":\"WebPage\",\"@id\":\"https:\/\/holocreators.com\/de\/sitemap\/#webpage\",\"url\":\"https:\/\/holocreators.com\/de\/sitemap\/\",\"name\":\"Holocreators | AGB\",\"isPartOf\":{\"@id\":\"https:\/\/holocreators.com\/de\/#website\"},\"primaryImageOfPage\":{\"@id\":\"https:\/\/holocreators.com\/de\/sitemap\/#primaryimage\"},\"datePublished\":\"2021-03-19T11:41:07+00:00\",\"dateModified\":\"2021-11-17T15:05:19+00:00\",\"description\":\"Die Allgemeinen Gesch\\u00e4ftsbedingungen (AGB) gelten f\\u00fcr alle Angebote und Leistungen der Holocreators GmbH.\",\"breadcrumb\":{\"@id\":\"https:\/\/holocreators.com\/de\/sitemap\/#breadcrumb\"},\"inLanguage\":\"de\",\"potentialAction\":[{\"@type\":\"ReadAction\",\"target\":[\"https:\/\/holocreators.com\/de\/sitemap\/\"]}]},{\"@type\":\"BreadcrumbList\",\"@id\":\"https:\/\/holocreators.com\/de\/sitemap\/#breadcrumb\",\"itemListElement\":[{\"@type\":\"ListItem\",\"position\":1,\"item\":{\"@type\":\"WebPage\",\"@id\":\"https:\/\/holocreators.com\/de\/\",\"url\":\"https:\/\/holocreators.com\/de\/\",\"name\":\"Home\"}},{\"@type\":\"ListItem\",\"position\":2,\"item\":{\"@type\":\"WebPage\",\"@id\":\"https:\/\/holocreators.com\/de\/sitemap\/\",\"url\":\"https:\/\/holocreators.com\/de\/sitemap\/\",\"name\":\"Sitemap\"}}]}]}<\/script>\n<!-- \/ Yoast SEO plugin. -->","_links":{"self":[{"href":"https:\/\/holocreators.com\/de\/wp-json\/wp\/v2\/pages\/9469","targetHints":{"allow":["GET"]}}],"collection":[{"href":"https:\/\/holocreators.com\/de\/wp-json\/wp\/v2\/pages"}],"about":[{"href":"https:\/\/holocreators.com\/de\/wp-json\/wp\/v2\/types\/page"}],"author":[{"embeddable":true,"href":"https:\/\/holocreators.com\/de\/wp-json\/wp\/v2\/users\/1"}],"replies":[{"embeddable":true,"href":"https:\/\/holocreators.com\/de\/wp-json\/wp\/v2\/comments?post=9469"}],"version-history":[{"count":1,"href":"https:\/\/holocreators.com\/de\/wp-json\/wp\/v2\/pages\/9469\/revisions"}],"predecessor-version":[{"id":11849,"href":"https:\/\/holocreators.com\/de\/wp-json\/wp\/v2\/pages\/9469\/revisions\/11849"}],"wp:featuredmedia":[{"embeddable":true,"href":"https:\/\/holocreators.com\/de\/wp-json\/wp\/v2\/media\/11610"}],"wp:attachment":[{"href":"https:\/\/holocreators.com\/de\/wp-json\/wp\/v2\/media?parent=9469"}],"curies":[{"name":"wp","href":"https:\/\/api.w.org\/{rel}","templated":true}]}}